{"id":4850,"date":"2024-08-11T06:40:09","date_gmt":"2024-08-11T06:40:09","guid":{"rendered":"https:\/\/mnevillage.gov.me\/?page_id=4850"},"modified":"2024-08-11T07:05:38","modified_gmt":"2024-08-11T07:05:38","slug":"panoramski-putevi-crne-gore","status":"publish","type":"page","link":"https:\/\/mnevillage.gov.me\/me\/panoramski-putevi-crne-gore\/","title":{"rendered":"Panoramski putevi Crne Gore"},"content":{"rendered":"\t\t<div data-elementor-type=\"wp-page\" data-elementor-id=\"4850\" class=\"elementor elementor-4850\" data-elementor-post-type=\"page\">\n\t\t\t\t<div class=\"elementor-element elementor-element-8e86b88 e-flex e-con-boxed e-con e-parent\" data-id=\"8e86b88\" data-element_type=\"container\">\n\t\t\t\t\t<div class=\"e-con-inner\">\n\t\t\t\t<div class=\"elementor-element elementor-element-71b7d31 elementor-widget elementor-widget-heading\" data-id=\"71b7d31\" data-element_type=\"widget\" data-widget_type=\"heading.default\">\n\t\t\t\t<div class=\"elementor-widget-container\">\n\t\t\t\t\t<h1 class=\"elementor-heading-title elementor-size-default\">Panoramski putevi Crne Gore<\/h1>\t\t\t\t<\/div>\n\t\t\t\t<\/div>\n\t\t<div class=\"elementor-element elementor-element-05ba0a8 e-con-full e-flex e-con e-child\" data-id=\"05ba0a8\" data-element_type=\"container\">\n\t\t<div class=\"elementor-element elementor-element-d09e91d e-con-full e-flex e-con e-child\" data-id=\"d09e91d\" data-element_type=\"container\">\n\t\t\t\t<div class=\"elementor-element elementor-element-04ad158 elementor-widget elementor-widget-text-editor\" data-id=\"04ad158\" data-element_type=\"widget\" data-widget_type=\"text-editor.default\">\n\t\t\t\t<div class=\"elementor-widget-container\">\n\t\t\t\t\t\t\t\t\t<p>\u017deli\u0161 da upozna\u0161 divlju ljepotu Crne Gore, ali nema\u0161 vremena za istra\u017eivanje svih vrhova, kanjona, vidikovaca, jezera i vodopada? Panoramske rute su pravi izbor za tebe!<\/p>\t\t\t\t\t\t\t\t<\/div>\n\t\t\t\t<\/div>\n\t\t\t\t<\/div>\n\t\t<div class=\"elementor-element elementor-element-cf793fb e-con-full e-flex e-con e-child\" data-id=\"cf793fb\" data-element_type=\"container\" data-settings=\"{&quot;background_background&quot;:&quot;classic&quot;}\">\n\t\t\t\t<div class=\"elementor-element elementor-element-5ee9ce1 elementor-widget elementor-widget-heading\" data-id=\"5ee9ce1\" data-element_type=\"widget\" data-widget_type=\"heading.default\">\n\t\t\t\t<div class=\"elementor-widget-container\">\n\t\t\t\t\t<h2 class=\"elementor-heading-title elementor-size-default\">\u010cinjenice:<\/h2>\t\t\t\t<\/div>\n\t\t\t\t<\/div>\n\t\t\t\t<div class=\"elementor-element elementor-element-10a67fa elementor-widget elementor-widget-text-editor\" data-id=\"10a67fa\" data-element_type=\"widget\" data-widget_type=\"text-editor.default\">\n\t\t\t\t<div class=\"elementor-widget-container\">\n\t\t\t\t\t\t\t\t\t<p>Du\u017eine ruta<\/p><p><strong>Krug oko Korita<\/strong>: 65 km\u00a0<br \/><strong>Durmitorski prsten:<\/strong> 76 km\u00a0<br \/><strong>More i visine:<\/strong> 283 km\u00a0<br \/><strong>Kruna Crne Gore:<\/strong> 800 km<\/p>\t\t\t\t\t\t\t\t<\/div>\n\t\t\t\t<\/div>\n\t\t\t\t<\/div>\n\t\t\t\t<\/div>\n\t\t\t\t\t<\/div>\n\t\t\t\t<\/div>\n\t\t<div class=\"elementor-element elementor-element-8773554 e-con-full e-flex e-con e-parent\" data-id=\"8773554\" data-element_type=\"container\">\n\t\t\t\t<div class=\"elementor-element elementor-element-4487c6e elementor-widget elementor-widget-image\" data-id=\"4487c6e\" data-element_type=\"widget\" data-widget_type=\"image.default\">\n\t\t\t\t<div class=\"elementor-widget-container\">\n\t\t\t\t\t\t\t\t\t\t\t\t\t\t\t<img fetchpriority=\"high\" decoding=\"async\" width=\"2500\" height=\"1400\" src=\"https:\/\/mnevillage.gov.me\/wp-content\/uploads\/2024\/08\/panoramic-roads-Durmitor-ring-min.png\" class=\"attachment-full size-full wp-image-4853\" alt=\"\" srcset=\"https:\/\/mnevillage.gov.me\/wp-content\/uploads\/2024\/08\/panoramic-roads-Durmitor-ring-min.png 2500w, https:\/\/mnevillage.gov.me\/wp-content\/uploads\/2024\/08\/panoramic-roads-Durmitor-ring-min-300x168.png 300w, https:\/\/mnevillage.gov.me\/wp-content\/uploads\/2024\/08\/panoramic-roads-Durmitor-ring-min-1024x573.png 1024w, https:\/\/mnevillage.gov.me\/wp-content\/uploads\/2024\/08\/panoramic-roads-Durmitor-ring-min-768x430.png 768w, https:\/\/mnevillage.gov.me\/wp-content\/uploads\/2024\/08\/panoramic-roads-Durmitor-ring-min-1536x860.png 1536w, https:\/\/mnevillage.gov.me\/wp-content\/uploads\/2024\/08\/panoramic-roads-Durmitor-ring-min-2048x1147.png 2048w\" sizes=\"(max-width: 2500px) 100vw, 2500px\" \/>\t\t\t\t\t\t\t\t\t\t\t\t\t\t\t<\/div>\n\t\t\t\t<\/div>\n\t\t\t\t<\/div>\n\t\t<div class=\"elementor-element elementor-element-3a69896 e-flex e-con-boxed e-con e-parent\" data-id=\"3a69896\" data-element_type=\"container\">\n\t\t\t\t\t<div class=\"e-con-inner\">\n\t\t\t\t<div class=\"elementor-element elementor-element-3183f34 elementor-widget elementor-widget-heading\" data-id=\"3183f34\" data-element_type=\"widget\" data-widget_type=\"heading.default\">\n\t\t\t\t<div class=\"elementor-widget-container\">\n\t\t\t\t\t<h2 class=\"elementor-heading-title elementor-size-default\">Tvoj audio vodi\u010d na putu<\/h2>\t\t\t\t<\/div>\n\t\t\t\t<\/div>\n\t\t\t\t<div class=\"elementor-element elementor-element-6de313c elementor-widget elementor-widget-text-editor\" data-id=\"6de313c\" data-element_type=\"widget\" data-widget_type=\"text-editor.default\">\n\t\t\t\t<div class=\"elementor-widget-container\">\n\t\t\t\t\t\t\t\t\t<p>Rute su osmi\u0161ljene za tvoje maksimalno u\u017eivanje i komfor! Potrebno je da\u00a0<strong>prati\u0161 braon putokaze sa brojevima rute<\/strong>\u00a0koju \u017eeli\u0161 da obi\u0111e\u0161 i ve\u0107 si na pravom putu. Za potpuni ugo\u0111aj instaliraj aplikaciju i<strong>zi.travel<\/strong>\u00a0i anga\u017euj svog audio vodi\u010da da do\u010dara svaku od ta\u010daka na tvom putovanju.<\/p>\t\t\t\t\t\t\t\t<\/div>\n\t\t\t\t<\/div>\n\t\t\t\t\t<\/div>\n\t\t\t\t<\/div>\n\t\t<div class=\"elementor-element elementor-element-7e56c6b e-flex e-con-boxed e-con e-parent\" data-id=\"7e56c6b\" data-element_type=\"container\">\n\t\t\t\t\t<div class=\"e-con-inner\">\n\t\t<div class=\"elementor-element elementor-element-7e84aff e-con-full e-flex e-con e-child\" data-id=\"7e84aff\" data-element_type=\"container\" data-settings=\"{&quot;background_background&quot;:&quot;classic&quot;}\">\n\t\t\t\t<div class=\"elementor-element elementor-element-80a07b7 elementor-widget elementor-widget-text-editor\" data-id=\"80a07b7\" data-element_type=\"widget\" data-widget_type=\"text-editor.default\">\n\t\t\t\t<div class=\"elementor-widget-container\">\n\t\t\t\t\t\t\t\t\t<p>Besplatno preuzmi detaljne opise ruta sa smjernicama i informacijama o pravcu i dodatnim informacijama, kao i GPS podatke za panoramske puteve:<\/p>\t\t\t\t\t\t\t\t<\/div>\n\t\t\t\t<\/div>\n\t\t\t\t<div class=\"elementor-element elementor-element-09b6e41 elementor-widget elementor-widget-text-editor\" data-id=\"09b6e41\" data-element_type=\"widget\" data-widget_type=\"text-editor.default\">\n\t\t\t\t<div class=\"elementor-widget-container\">\n\t\t\t\t\t\t\t\t\t<ul><li><span style=\"color: #ffffff;\"><a class=\"pdf\" style=\"color: #ffffff;\" href=\"https:\/\/www.montenegro.travel\/uploads\/brochures\/Panoramic%20Roads\/2-Web\/Panoramski_putevi-CG-web.pdf\" target=\"_blank\" rel=\"noopener\">Panoramski putevi (mapa)<\/a><\/span><\/li><li><span style=\"color: #ffffff;\"><a class=\"pdf\" style=\"color: #ffffff;\" href=\"https:\/\/www.montenegro.travel\/uploads\/brochures\/Panoramic%20Roads\/MNE\/mapa-durmitorski-prsten.pdf\" target=\"_blank\" rel=\"noopener\">Durmitorski prsten<\/a>\u00a0<strong>I<\/strong>\u00a0<a class=\"gpx\" style=\"color: #ffffff;\" href=\"https:\/\/www.montenegro.travel\/uploads\/brochures\/Panoramic%20Roads\/MNE\/GPS-durmitorski-prsten.gpx\" target=\"_blank\" rel=\"noopener\">GPS\u00a0<\/a><strong>I <\/strong><a style=\"color: #ffffff;\" href=\"https:\/\/izi.travel\/de\/c25c-panoramski-put-durmitorski-prsten\/sr\" target=\"_blank\" rel=\"noopener\">Audio vodi\u010d<\/a><\/span><\/li><li><span style=\"color: #ffffff;\"><a class=\"pdf\" style=\"color: #ffffff;\" href=\"https:\/\/www.montenegro.travel\/uploads\/brochures\/Panoramic%20Roads\/MNE\/mapa-kruna-crne-gore.pdf\" target=\"_blank\" rel=\"noopener\">Kruna Crne Gore<\/a><strong>\u00a0I<\/strong>\u00a0<a class=\"gpx\" style=\"color: #ffffff;\" href=\"https:\/\/www.montenegro.travel\/uploads\/brochures\/Panoramic%20Roads\/MNE\/GPS-kruna-crne-gore.gpx\" target=\"_blank\" rel=\"noopener\">GPS<\/a><\/span><\/li><li><span style=\"color: #ffffff;\"><a class=\"pdf\" style=\"color: #ffffff;\" href=\"https:\/\/www.montenegro.travel\/uploads\/brochures\/Panoramic%20Roads\/MNE\/mapa-more-i-visine.pdf\" target=\"_blank\" rel=\"noopener\">More i visine<\/a>\u00a0<strong>I <\/strong><a class=\"gpx\" style=\"color: #ffffff;\" href=\"https:\/\/www.montenegro.travel\/uploads\/brochures\/Panoramic%20Roads\/MNE\/GPS-more-i-visine.gpx\" target=\"_blank\" rel=\"noopener\">GPS<\/a><\/span><\/li><li><span style=\"color: #ffffff;\"><a class=\"pdf\" style=\"color: #ffffff;\" href=\"https:\/\/www.montenegro.travel\/uploads\/brochures\/Panoramic%20Roads\/MNE\/mapa-krug-oko-korita.pdf\" target=\"_blank\" rel=\"noopener\">Krug oko Korita<\/a>\u00a0<strong>I <\/strong><a class=\"gpx\" style=\"color: #ffffff;\" href=\"https:\/\/www.montenegro.travel\/uploads\/brochures\/Panoramic%20Roads\/MNE\/GPS-Krug-oko-Korita.gpx\" target=\"_blank\" rel=\"noopener\">GPS<\/a>\u00a0<strong>I<\/strong> <a style=\"color: #ffffff;\" href=\"https:\/\/izi.travel\/de\/6c43-panoramski-put-krug-oko-korita-4\/sr\" target=\"_blank\" rel=\"noopener\">Audio vodi\u010d<\/a><\/span><\/li><\/ul>\t\t\t\t\t\t\t\t<\/div>\n\t\t\t\t<\/div>\n\t\t\t\t<\/div>\n\t\t<div class=\"elementor-element elementor-element-acc774e e-con-full e-flex e-con e-child\" data-id=\"acc774e\" data-element_type=\"container\">\n\t\t\t\t<div class=\"elementor-element elementor-element-fef390a elementor-widget elementor-widget-heading\" data-id=\"fef390a\" data-element_type=\"widget\" data-widget_type=\"heading.default\">\n\t\t\t\t<div class=\"elementor-widget-container\">\n\t\t\t\t\t<h2 class=\"elementor-heading-title elementor-size-default\">Svi detalji na jednom mjestu!<\/h2>\t\t\t\t<\/div>\n\t\t\t\t<\/div>\n\t\t\t\t<\/div>\n\t\t\t\t\t<\/div>\n\t\t\t\t<\/div>\n\t\t<div class=\"elementor-element elementor-element-a6ea7dd e-con-full e-flex e-con e-parent\" data-id=\"a6ea7dd\" data-element_type=\"container\">\n\t\t\t\t<div class=\"elementor-element elementor-element-7d8330f elementor-widget elementor-widget-image\" data-id=\"7d8330f\" data-element_type=\"widget\" data-widget_type=\"image.default\">\n\t\t\t\t<div class=\"elementor-widget-container\">\n\t\t\t\t\t\t\t\t\t\t\t\t\t\t\t<img decoding=\"async\" width=\"2500\" height=\"1400\" src=\"https:\/\/mnevillage.gov.me\/wp-content\/uploads\/2024\/08\/8.Panoramic-roads-Korita-min.png\" class=\"attachment-full size-full wp-image-4881\" alt=\"\" srcset=\"https:\/\/mnevillage.gov.me\/wp-content\/uploads\/2024\/08\/8.Panoramic-roads-Korita-min.png 2500w, https:\/\/mnevillage.gov.me\/wp-content\/uploads\/2024\/08\/8.Panoramic-roads-Korita-min-300x168.png 300w, https:\/\/mnevillage.gov.me\/wp-content\/uploads\/2024\/08\/8.Panoramic-roads-Korita-min-1024x573.png 1024w, https:\/\/mnevillage.gov.me\/wp-content\/uploads\/2024\/08\/8.Panoramic-roads-Korita-min-768x430.png 768w, https:\/\/mnevillage.gov.me\/wp-content\/uploads\/2024\/08\/8.Panoramic-roads-Korita-min-1536x860.png 1536w, https:\/\/mnevillage.gov.me\/wp-content\/uploads\/2024\/08\/8.Panoramic-roads-Korita-min-2048x1147.png 2048w\" sizes=\"(max-width: 2500px) 100vw, 2500px\" \/>\t\t\t\t\t\t\t\t\t\t\t\t\t\t\t<\/div>\n\t\t\t\t<\/div>\n\t\t\t\t<\/div>\n\t\t<div class=\"elementor-element elementor-element-1d1eb18 e-flex e-con-boxed e-con e-parent\" data-id=\"1d1eb18\" data-element_type=\"container\">\n\t\t\t\t\t<div class=\"e-con-inner\">\n\t\t\t\t<div class=\"elementor-element elementor-element-794bc2e elementor-widget elementor-widget-heading\" data-id=\"794bc2e\" data-element_type=\"widget\" data-widget_type=\"heading.default\">\n\t\t\t\t<div class=\"elementor-widget-container\">\n\t\t\t\t\t<h2 class=\"elementor-heading-title elementor-size-default\">Krug oko Korita - ruta sa oznakom \u201e4\u201c<\/h2>\t\t\t\t<\/div>\n\t\t\t\t<\/div>\n\t\t\t\t<div class=\"elementor-element elementor-element-bd31fdb elementor-widget elementor-widget-text-editor\" data-id=\"bd31fdb\" data-element_type=\"widget\" data-widget_type=\"text-editor.default\">\n\t\t\t\t<div class=\"elementor-widget-container\">\n\t\t\t\t\t\t\t\t\t<h4>Podgorica \u2013 Medun \u2013 Ubli \u2013 Ku\u010dka Korita \u2013 Zatrijeba\u010d \u2013 Fundina \u2013 Podgorica<\/h4><p>Ne \u017eeli\u0161 dugo i zamaraju\u0107e putovanje? Razbij svakodnevnicu i otkrij dragulje skrivene nedaleko od glavnog grada Crne Gore!<\/p><p><strong>Zastani na tvr\u0111avi Medun<\/strong>\u00a0i pusti da ti odr\u017ei lekciju iz istorije. U\u00a0<strong>muzeju Marka Miljanova<\/strong>\u00a0saznaj interesantne detalje o \u017eivotu \u010duvenog heroja i piscu koji se opismenio tek u pedesetoj godini!<\/p><p>Obuj svoje cipele za pje\u0161a\u010denje i u\u017eivaj u fantasti\u010dnom pogledu na impresivni masiv Prokletija sa\u00a0<strong>vidikovca \u201eGrlo sokolovo\u201d<\/strong>. Ako baci\u0161 kamen sa ovog mjesta, on \u0107e pasti u susjednu Albaniju, a ako uzvikne\u0161 neku rije\u010d, ona \u0107e ti se vratiti vi\u0161e puta u jasnom ehu. Za kraj, u\u017eivaj u nezaboravnim pogledima na vijugavi\u00a0<strong>kanjon Cijevne<\/strong>\u00a0daleko ispod sebe i prepusti se \u010darima lokalne kuhinje!<\/p>\t\t\t\t\t\t\t\t<\/div>\n\t\t\t\t<\/div>\n\t\t\t\t\t<\/div>\n\t\t\t\t<\/div>\n\t\t<div class=\"elementor-element elementor-element-64c47b0 e-con-full e-flex e-con e-parent\" data-id=\"64c47b0\" data-element_type=\"container\">\n\t\t\t\t<div class=\"elementor-element elementor-element-cfb1794 elementor-widget elementor-widget-image\" data-id=\"cfb1794\" data-element_type=\"widget\" data-widget_type=\"image.default\">\n\t\t\t\t<div class=\"elementor-widget-container\">\n\t\t\t\t\t\t\t\t\t\t\t\t\t\t\t<img decoding=\"async\" width=\"2500\" height=\"1400\" src=\"https:\/\/mnevillage.gov.me\/wp-content\/uploads\/2024\/08\/2.Durmitor-ring-Sedlo-min.png\" class=\"attachment-full size-full wp-image-4885\" alt=\"\" srcset=\"https:\/\/mnevillage.gov.me\/wp-content\/uploads\/2024\/08\/2.Durmitor-ring-Sedlo-min.png 2500w, https:\/\/mnevillage.gov.me\/wp-content\/uploads\/2024\/08\/2.Durmitor-ring-Sedlo-min-300x168.png 300w, https:\/\/mnevillage.gov.me\/wp-content\/uploads\/2024\/08\/2.Durmitor-ring-Sedlo-min-1024x573.png 1024w, https:\/\/mnevillage.gov.me\/wp-content\/uploads\/2024\/08\/2.Durmitor-ring-Sedlo-min-768x430.png 768w, https:\/\/mnevillage.gov.me\/wp-content\/uploads\/2024\/08\/2.Durmitor-ring-Sedlo-min-1536x860.png 1536w, https:\/\/mnevillage.gov.me\/wp-content\/uploads\/2024\/08\/2.Durmitor-ring-Sedlo-min-2048x1147.png 2048w\" sizes=\"(max-width: 2500px) 100vw, 2500px\" \/>\t\t\t\t\t\t\t\t\t\t\t\t\t\t\t<\/div>\n\t\t\t\t<\/div>\n\t\t\t\t<\/div>\n\t\t<div class=\"elementor-element elementor-element-97676c6 e-flex e-con-boxed e-con e-parent\" data-id=\"97676c6\" data-element_type=\"container\">\n\t\t\t\t\t<div class=\"e-con-inner\">\n\t\t\t\t<div class=\"elementor-element elementor-element-cfbc8b3 elementor-widget elementor-widget-heading\" data-id=\"cfbc8b3\" data-element_type=\"widget\" data-widget_type=\"heading.default\">\n\t\t\t\t<div class=\"elementor-widget-container\">\n\t\t\t\t\t<h2 class=\"elementor-heading-title elementor-size-default\">Durmitorski prsten - ruta sa oznakom \u201e2\u201d<\/h2>\t\t\t\t<\/div>\n\t\t\t\t<\/div>\n\t\t\t\t<div class=\"elementor-element elementor-element-b61695d elementor-widget elementor-widget-text-editor\" data-id=\"b61695d\" data-element_type=\"widget\" data-widget_type=\"text-editor.default\">\n\t\t\t\t<div class=\"elementor-widget-container\">\n\t\t\t\t\t\t\t\t\t<h4>\u017dabljak \u2013 Mala Crna Gora \u2013 Nedajno \u2013 Trsa \u2013 Pi\u0161\u010de \u2013 \u017dabljak<\/h4><p>Kreni iz \u017dabljaka u avanturu koju \u0107e\u0161 pamtiti! Zavrtje\u0107e ti se u glavi od visokih planinskih vrhova Durmitora i pogleda na nestvarne i\u00a0<strong>duboke kanjone Tare i Su\u0161ice<\/strong>. Ovdje \u0107e\u0161 na\u0107i najneobi\u010dnije izvajane vrhove, jedne u obliku sedla, druge izrezane na pruteve, tre\u0107e prekrasno obojene.<\/p><p>Usput\u00a0<strong>osmotri skijali\u0161te<\/strong>, jer ko zna, mo\u017eda te ova planina o\u010dara i ponovo pozove sebi zimi. Dosegni oblake u selima odvojenim od civiliacije po par mjeseci godi\u0161nje, i osjeti \u017eivot ljudi sviklih na planinu, njene \u0107udi i njene \u010dari.\u00a0<strong>Probaj jednostavnu i ukusnu hranu crnogorskih gor\u0161taka<\/strong>\u00a0i kombinuj ovu rutu sa planiranjem, jahanjem ili vo\u017enjom bicikla.<\/p>\t\t\t\t\t\t\t\t<\/div>\n\t\t\t\t<\/div>\n\t\t\t\t\t<\/div>\n\t\t\t\t<\/div>\n\t\t<div class=\"elementor-element elementor-element-9b7c451 e-con-full e-flex e-con e-parent\" data-id=\"9b7c451\" data-element_type=\"container\">\n\t\t\t\t<div class=\"elementor-element elementor-element-619b687 elementor-widget elementor-widget-image\" data-id=\"619b687\" data-element_type=\"widget\" data-widget_type=\"image.default\">\n\t\t\t\t<div class=\"elementor-widget-container\">\n\t\t\t\t\t\t\t\t\t\t\t\t\t\t\t<img loading=\"lazy\" decoding=\"async\" width=\"2500\" height=\"1400\" src=\"https:\/\/mnevillage.gov.me\/wp-content\/uploads\/2024\/08\/Panoramic-road-Kotor-Cetinje-min.png\" class=\"attachment-full size-full wp-image-4900\" alt=\"\" srcset=\"https:\/\/mnevillage.gov.me\/wp-content\/uploads\/2024\/08\/Panoramic-road-Kotor-Cetinje-min.png 2500w, https:\/\/mnevillage.gov.me\/wp-content\/uploads\/2024\/08\/Panoramic-road-Kotor-Cetinje-min-300x168.png 300w, https:\/\/mnevillage.gov.me\/wp-content\/uploads\/2024\/08\/Panoramic-road-Kotor-Cetinje-min-1024x573.png 1024w, https:\/\/mnevillage.gov.me\/wp-content\/uploads\/2024\/08\/Panoramic-road-Kotor-Cetinje-min-768x430.png 768w, https:\/\/mnevillage.gov.me\/wp-content\/uploads\/2024\/08\/Panoramic-road-Kotor-Cetinje-min-1536x860.png 1536w, https:\/\/mnevillage.gov.me\/wp-content\/uploads\/2024\/08\/Panoramic-road-Kotor-Cetinje-min-2048x1147.png 2048w\" sizes=\"(max-width: 2500px) 100vw, 2500px\" \/>\t\t\t\t\t\t\t\t\t\t\t\t\t\t\t<\/div>\n\t\t\t\t<\/div>\n\t\t\t\t<\/div>\n\t\t<div class=\"elementor-element elementor-element-cf4d039 e-flex e-con-boxed e-con e-parent\" data-id=\"cf4d039\" data-element_type=\"container\">\n\t\t\t\t\t<div class=\"e-con-inner\">\n\t\t\t\t<div class=\"elementor-element elementor-element-f35e84b elementor-widget elementor-widget-heading\" data-id=\"f35e84b\" data-element_type=\"widget\" data-widget_type=\"heading.default\">\n\t\t\t\t<div class=\"elementor-widget-container\">\n\t\t\t\t\t<h2 class=\"elementor-heading-title elementor-size-default\">More i visine - ruta sa oznakom \u201e3\u201d<\/h2>\t\t\t\t<\/div>\n\t\t\t\t<\/div>\n\t\t\t\t<div class=\"elementor-element elementor-element-2937762 elementor-widget elementor-widget-text-editor\" data-id=\"2937762\" data-element_type=\"widget\" data-widget_type=\"text-editor.default\">\n\t\t\t\t<div class=\"elementor-widget-container\">\n\t\t\t\t\t\t\t\t\t<h4>Herceg Novi \u2013 Kamenari \u2013 Risan \u2013 Kotor \u2013 Tivat \u2013 Lov\u0107en \u2013 Cetinje \u2013 Budva \u2013 Sveti Stefan \u2013 Petrovac \u2013 Virpazar \u2013 Ostros \u2013 Ulcinj \u2013 Bar<\/h4><p><strong>Ljubitelj si mora i planina?<\/strong>\u00a0Upoznaj se sa crnogorskim primorjem i njegovim zale\u0111em, na ruti koja \u0107e te obradovati nevjerovatnim pejza\u017eima. Obi\u0111i\u00a0<strong>stare gradove Bokokotorskog zaliva<\/strong>, u\u017eivaj u panoramama\u00a0<strong>budvanske, barske i ulcinjske rivijere<\/strong>, pa se pohvali prijateljima da zna\u0161 cijelu obalu Crne Gore!<\/p><p>A\u00a0<strong>da predahne\u0161 od mora povremeno<\/strong>, samo slijedi na\u0161u rutu i ona \u0107e te odvesti u planinske predjele Lov\u0107ena, gradove u kojima je pisana istorija kao \u0161to je Cetinje, \u017eivopisne predjele Rijeke Crnojevi\u0107a i najve\u0107eg jezera na Balkanu. Ostavi za ovu rutu vi\u0161e vremena, jer je pred tobom toliko mogu\u0107nosti:\u00a0<strong>posjeta farmi \u0161koljki u Boki, degustacija vina u Crmni\u010dkim selima, krstarenje jezerom i posjeta brojnim muzejima<\/strong>\u00a0&#8211; od kojih izdvajamo Dvorac kralja Nikole.<\/p>\t\t\t\t\t\t\t\t<\/div>\n\t\t\t\t<\/div>\n\t\t\t\t\t<\/div>\n\t\t\t\t<\/div>\n\t\t<div class=\"elementor-element elementor-element-d2ed8ee e-con-full e-flex e-con e-parent\" data-id=\"d2ed8ee\" data-element_type=\"container\">\n\t\t\t\t<div class=\"elementor-element elementor-element-68bc247 elementor-widget elementor-widget-image\" data-id=\"68bc247\" data-element_type=\"widget\" data-widget_type=\"image.default\">\n\t\t\t\t<div class=\"elementor-widget-container\">\n\t\t\t\t\t\t\t\t\t\t\t\t\t\t\t<img loading=\"lazy\" decoding=\"async\" width=\"2500\" height=\"1400\" src=\"https:\/\/mnevillage.gov.me\/wp-content\/uploads\/2024\/08\/6.Panoramic-road-canyon-moraca-min.png\" class=\"attachment-full size-full wp-image-4875\" alt=\"\" srcset=\"https:\/\/mnevillage.gov.me\/wp-content\/uploads\/2024\/08\/6.Panoramic-road-canyon-moraca-min.png 2500w, https:\/\/mnevillage.gov.me\/wp-content\/uploads\/2024\/08\/6.Panoramic-road-canyon-moraca-min-300x168.png 300w, https:\/\/mnevillage.gov.me\/wp-content\/uploads\/2024\/08\/6.Panoramic-road-canyon-moraca-min-1024x573.png 1024w, https:\/\/mnevillage.gov.me\/wp-content\/uploads\/2024\/08\/6.Panoramic-road-canyon-moraca-min-768x430.png 768w, https:\/\/mnevillage.gov.me\/wp-content\/uploads\/2024\/08\/6.Panoramic-road-canyon-moraca-min-1536x860.png 1536w, https:\/\/mnevillage.gov.me\/wp-content\/uploads\/2024\/08\/6.Panoramic-road-canyon-moraca-min-2048x1147.png 2048w\" sizes=\"(max-width: 2500px) 100vw, 2500px\" \/>\t\t\t\t\t\t\t\t\t\t\t\t\t\t\t<\/div>\n\t\t\t\t<\/div>\n\t\t\t\t<\/div>\n\t\t<div class=\"elementor-element elementor-element-69ef0a8 e-flex e-con-boxed e-con e-parent\" data-id=\"69ef0a8\" data-element_type=\"container\">\n\t\t\t\t\t<div class=\"e-con-inner\">\n\t\t\t\t<div class=\"elementor-element elementor-element-d44ec3f elementor-widget elementor-widget-heading\" data-id=\"d44ec3f\" data-element_type=\"widget\" data-widget_type=\"heading.default\">\n\t\t\t\t<div class=\"elementor-widget-container\">\n\t\t\t\t\t<h2 class=\"elementor-heading-title elementor-size-default\">Kruna Crne Gore - ruta sa oznakom \u201e1\u201d<\/h2>\t\t\t\t<\/div>\n\t\t\t\t<\/div>\n\t\t\t\t<div class=\"elementor-element elementor-element-5c9b4fc elementor-widget elementor-widget-text-editor\" data-id=\"5c9b4fc\" data-element_type=\"widget\" data-widget_type=\"text-editor.default\">\n\t\t\t\t<div class=\"elementor-widget-container\">\n\t\t\t\t\t\t\t\t\t<p>\u017deli\u0161 da se otisne\u0161 manje poznatim putevima? \u0160ta ka\u017ee\u0161 na\u00a0<strong>boravak u mjestu gdje sunce izlazi i zalazi dva puta<\/strong>\u00a0u toku dana? Zna\u0161 li\u00a0<strong>kako izgleda pra\u0161uma<\/strong>\u00a0i \u017eeli\u0161 li da upozna\u0161 doline rijeka, mo\u0107ne kanjone, nevjerovatne gra\u0111evinske poduhvate i da ti dah stane pred ljepotom\u00a0<strong>prirodnih i vje\u0161ta\u010dkih jezera<\/strong>?<\/p><p>Po\u0111i putevima kojima se re\u0111e ide,\u00a0<strong>budi jedan od lokalaca<\/strong>\u00a0i osje\u0107aj se kao kod ku\u0107e. Mi te navodimo, a ti odvoj dovoljno vremena, opusti se i u\u017eivaj. Pro\u0107i \u0107e\u0161 kroz 3 nacionalna parka i dva parka prirode, kao i podru\u010dje za\u0161ti\u0107eno od strane UNESCO-a.<\/p>\t\t\t\t\t\t\t\t<\/div>\n\t\t\t\t<\/div>\n\t\t\t\t\t<\/div>\n\t\t\t\t<\/div>\n\t\t\t\t<\/div>\n\t\t","protected":false},"excerpt":{"rendered":"<p>Panoramski putevi Crne Gore \u017deli\u0161 da upozna\u0161 divlju ljepotu Crne Gore, ali nema\u0161 vremena za istra\u017eivanje svih vrhova, kanjona, vidikovaca, jezera i vodopada? Panoramske rute su pravi izbor za tebe! \u010cinjenice: Du\u017eine ruta Krug oko Korita: 65 km\u00a0Durmitorski prsten: 76 km\u00a0More i visine: 283 km\u00a0Kruna Crne Gore: 800 km Tvoj audio vodi\u010d na putu Rute [&hellip;]<\/p>\n","protected":false},"author":1,"featured_media":0,"parent":0,"menu_order":0,"comment_status":"closed","ping_status":"closed","template":"elementor_header_footer","meta":{"_acf_changed":false,"inline_featured_image":false,"footnotes":""},"class_list":["post-4850","page","type-page","status-publish","hentry"],"acf":[],"_links":{"self":[{"href":"https:\/\/mnevillage.gov.me\/me\/wp-json\/wp\/v2\/pages\/4850","targetHints":{"allow":["GET"]}}],"collection":[{"href":"https:\/\/mnevillage.gov.me\/me\/wp-json\/wp\/v2\/pages"}],"about":[{"href":"https:\/\/mnevillage.gov.me\/me\/wp-json\/wp\/v2\/types\/page"}],"author":[{"embeddable":true,"href":"https:\/\/mnevillage.gov.me\/me\/wp-json\/wp\/v2\/users\/1"}],"replies":[{"embeddable":true,"href":"https:\/\/mnevillage.gov.me\/me\/wp-json\/wp\/v2\/comments?post=4850"}],"version-history":[{"count":0,"href":"https:\/\/mnevillage.gov.me\/me\/wp-json\/wp\/v2\/pages\/4850\/revisions"}],"wp:attachment":[{"href":"https:\/\/mnevillage.gov.me\/me\/wp-json\/wp\/v2\/media?parent=4850"}],"curies":[{"name":"wp","href":"https:\/\/api.w.org\/{rel}","templated":true}]}}