{"id":2666,"date":"2024-05-21T14:42:17","date_gmt":"2024-05-21T14:42:17","guid":{"rendered":"http:\/\/rural-web.local\/terms-conditions\/"},"modified":"2024-07-07T20:27:13","modified_gmt":"2024-07-07T20:27:13","slug":"terms-conditions","status":"publish","type":"page","link":"https:\/\/mnevillage.gov.me\/me\/terms-conditions\/","title":{"rendered":"Odredbe i uslovi"},"content":{"rendered":"\n<h2 class=\"wp-block-heading\">USLOVI KORI\u0160\u0106ENJA USLUGE<\/h2>\n\n\n\n<p>Ovi uslovi kori\u0161tenja (u daljem tekstu\u00a0\u201eUslovi\u201c) reguliraju pristup, pregledavanje i kori\u0161tenje web stranice; preuzimanje i kori\u0161tenje aplikacija od strane njegovih korisnika (u daljem tekstu\u00a0\u201eKorisnik\u201c\u00a0ili\u00a0\u00a0\u201eKorisnici\u201c, prema potrebi); kao i uslove koji reguli\u0161u pru\u017eanje usluga koje se pru\u017eaju putem Platforma (u daljem tekstu\u00a0\u201eUsluge\u201c).<\/p>\n\n\n\n<p>Pristup i kori\u0161tenje web stranice, preuzimanje i kori\u0161tenje aplikacija podrazumijeva da je Korisnik pro\u010ditao, u potpunosti prihva\u0107a i sla\u017ee se s ovim Uslovima. MNEVillage mo\u017ee izmijeniti ove Uslove u bilo kojem trenutku, pa preporu\u010dujemo da ih redovno pregledavate. Datum na po\u010detku ovih Uslova ozna\u010dava datum posljednje revizije ovih Uslova, koja \u0107e se primjenjivati \u200b\u200bod dana njihovog objavljivanja.<\/p>\n\n\n\n<p>Neke od Usluga mogu biti podvrgnute posebnim uslovima ili uputstvima koje daje MNEVillage ili tre\u0107a lica koja ih pru\u017eaju, a koji \u0107e dopuniti ili, ako su u suprotnosti sa ovim odredbama, zamijeniti sadr\u017eaj ovih Uslova, a koji moraju biti prihvatio Korisnik prije po\u010detka pru\u017eanja odgovaraju\u0107e usluge. Isto tako, u pogledu prikupljanja i kori\u0161tenja li\u010dnih podataka, primjenjiva je Politika privatnosti.<\/p>\n\n\n\n<h2 class=\"wp-block-heading\">SVRHA USLUGA<\/h2>\n\n\n\n<p>Putem Usluga, Korisnik mo\u017ee kreirati, pohranjivati, objavljivati, dijeliti, slati, pretra\u017eivati \u200b\u200bi preuzimati GPS rute i to\u010dke interesa (u daljem tekstu\u00a0\u201eTragovi i me\u0111uto\u010dke\u201c), kao i informacije i sadr\u017eaj u vezi s tim.<\/p>\n\n\n\n<h2 class=\"wp-block-heading\">INTELEKTUALNA SVOJINA<\/h2>\n\n\n\n<p>Sva prava intelektualne svojine nad web-stranicom, aplikacijama, uslugama, njenim dizajnom i izvornim kodom, kao i sva prava intelektualne svojine nad bilo kojim sadr\u017eajem uklju\u010denim u istu (uklju\u010duju\u0107i bez ograni\u010denja tekst, slike, animacije, baze podataka, grafike, logotipe, za\u0161titni znakovi, ikone, dugmad, slike, video zapisi, zvu\u010dni snimci, itd.) pripadaju ili su licencirani MNEVillage-u.<\/p>\n\n\n\n<p>Konkretno, i bez ograni\u010davanja prethodnog stava, MNEVillage ima pravo&nbsp;sui generis&nbsp;kao vlasnik baze podataka koja sadr\u017ei sav sadr\u017eaj web stranice i aplikacija u skladu sa uslovima navedenim u Zakonu o intelektualnoj svojini. Na osnovu takvog prava, MNEVillage zabranjuje va\u0111enje i\/ili ponovno kori\u0161tenje cijelog ili zna\u010dajnog dijela sadr\u017eaja web stranice i aplikacija, kvalitativno ili kvantitativno procijenjenih. Isto tako, MNEVillage zabranjuje ponovljeno ili sistematsko va\u0111enje i\/ili ponovno kori\u0161tenje nebitnih dijelova sadr\u017eaja web stranice i aplikacija kada bi takvo izvla\u010denje i\/ili ponovno kori\u0161tenje bilo u suprotnosti sa normalnom eksploatacijom takve osnove ili bi prouzrokovati neopravdanu \u0161tetu legitimnim interesima MNEVillage-a.<\/p>\n\n\n\n<h2 class=\"wp-block-heading\">IZMJENA ILI PRESTANAK USLUGA<\/h2>\n\n\n\n<p>MNEVillage mo\u017ee, u bilo koje vrijeme i bez preuzimanja bilo kakve odgovornosti, promijeniti sadr\u017eaj web stranice, aplikacija ili usluga, prekinuti pru\u017eanje svih ili nekih usluga i funkcionalnosti ili deaktivirati ili izbrisati sve ili neke od ra\u010duna, bez ikakvih ograni\u010denja osim onih utvr\u0111enih va\u017ee\u0107im zakonima u vezi sa obavezom vo\u0111enja evidencije o odre\u0111enim transakcijama tokom odgovaraju\u0107ih zakonskih perioda.<\/p>\n\n\n\n<h2 class=\"wp-block-heading\">Uslovi za pra\u0107enje u\u017eivo MNEVillage<\/h2>\n\n\n\n<p>Korisnik razumije kroz funkciju pra\u0107enja u\u017eivo da mo\u017ee pozvati drugu stranu da vizualizira svoju trenutnu stazu i posljednju poznatu lokaciju na mapi. Nakon prihvatanja poziva, Korisnik \u0107e biti obavije\u0161ten da vas pozvani \u201eprati\u201c. Korisnik razumije i prihva\u0107a da MNEVillage ni na koji na\u010din ne jam\u010di da \u0107e pozvani nastaviti pratiti lokaciju Korisnika i da Korisnik ne\u0107e biti obavije\u0161ten ako pozvani prestane da vas prati. Isto tako, Korisnik prihvata da je lokacija Korisnika pribli\u017ena u smislu pozicije i vremena i dok MNEVillage nastoji redovno a\u017eurirati lokaciju, MNEVillage se ne mo\u017ee smatrati odgovornim za ta\u010dnost lokacije Korisnika niti za dostupnost telekomunikacionih usluga tre\u0107e strane na osnovu kojih ovo funkcionalnost se oslanja na prijenos podataka. Aplikacija i usluge uklju\u010duju\u0107i bez ograni\u010denja MNEVillage Live Tracking nisu sigurnosna mjera i ne bi se trebale koristiti za situacije \u017eivota ili smrti. Nadalje, Korisnik prihvata i razumije rizike povezane s dijeljenjem svoje lokacije sa drugim stranama.<\/p>\n","protected":false},"excerpt":{"rendered":"<p>USLOVI KORI\u0160\u0106ENJA USLUGE Ovi uslovi kori\u0161tenja (u daljem tekstu\u00a0\u201eUslovi\u201c) reguliraju pristup, pregledavanje i kori\u0161tenje web stranice; preuzimanje i kori\u0161tenje aplikacija od strane njegovih korisnika (u daljem tekstu\u00a0\u201eKorisnik\u201c\u00a0ili\u00a0\u00a0\u201eKorisnici\u201c, prema potrebi); kao i uslove koji reguli\u0161u pru\u017eanje usluga koje se pru\u017eaju putem Platforma (u daljem tekstu\u00a0\u201eUsluge\u201c). Pristup i kori\u0161tenje web stranice, preuzimanje i kori\u0161tenje aplikacija podrazumijeva da [&hellip;]<\/p>\n","protected":false},"author":1,"featured_media":0,"parent":0,"menu_order":0,"comment_status":"closed","ping_status":"closed","template":"","meta":{"_acf_changed":false,"inline_featured_image":false,"footnotes":""},"class_list":["post-2666","page","type-page","status-publish","hentry"],"acf":[],"_links":{"self":[{"href":"https:\/\/mnevillage.gov.me\/me\/wp-json\/wp\/v2\/pages\/2666","targetHints":{"allow":["GET"]}}],"collection":[{"href":"https:\/\/mnevillage.gov.me\/me\/wp-json\/wp\/v2\/pages"}],"about":[{"href":"https:\/\/mnevillage.gov.me\/me\/wp-json\/wp\/v2\/types\/page"}],"author":[{"embeddable":true,"href":"https:\/\/mnevillage.gov.me\/me\/wp-json\/wp\/v2\/users\/1"}],"replies":[{"embeddable":true,"href":"https:\/\/mnevillage.gov.me\/me\/wp-json\/wp\/v2\/comments?post=2666"}],"version-history":[{"count":0,"href":"https:\/\/mnevillage.gov.me\/me\/wp-json\/wp\/v2\/pages\/2666\/revisions"}],"wp:attachment":[{"href":"https:\/\/mnevillage.gov.me\/me\/wp-json\/wp\/v2\/media?parent=2666"}],"curies":[{"name":"wp","href":"https:\/\/api.w.org\/{rel}","templated":true}]}}