{"id":2537,"date":"2024-05-21T14:41:52","date_gmt":"2024-05-21T14:41:52","guid":{"rendered":"http:\/\/rural-web.local\/privacy-policy\/"},"modified":"2024-07-07T20:25:44","modified_gmt":"2024-07-07T20:25:44","slug":"privacy-policy","status":"publish","type":"page","link":"https:\/\/mnevillage.gov.me\/me\/privacy-policy\/","title":{"rendered":"Politika privatnosti"},"content":{"rendered":"\n<h2 class=\"wp-block-heading\">UVOD<\/h2>\n\n\n\n<p>U \u017eelji da poka\u017eemo transparentnost i odgovornost prema svim korisnicima mobilnih aplikacija, \u010diji se podaci prikupljaju i obra\u0111uju, ova Politika privatnosti pru\u017ea sve relevantne informacije koje se ti\u010du \u200b\u200bobrade li\u010dnih podataka, kao \u0161to su informacije o svrsi obrade, vrsti prikupljenih podataka, tre\u0107im stranama i prava koja Korisnik mo\u017ee ostvariti u vezi sa obradom li\u010dnih podataka.<\/p>\n\n\n\n<p>Kao nosilac prikupljanja li\u010dnih podataka, Ministarstvo ekonomskog razvoja i turizma Crne Gore (u daljem tekstu: MNEVillage) svjesno je zna\u010daja li\u010dnih podataka za svakog pojedinca. Stoga je neophodno da postupamo u skladu sa va\u017ee\u0107im zakonom koji ure\u0111uje za\u0161titu li\u010dnih podataka. Stoga, MNEVillage kontinuirano radi na odr\u017eavanju i pobolj\u0161anju sigurnosti va\u0161ih li\u010dnih podataka i privatnosti.<\/p>\n\n\n\n<p>Neophodno je razumjeti specifi\u010dne pojmove koji imaju sljede\u0107a zna\u010denja kako biste bolje razumjeli ovu Politiku:<\/p>\n\n\n\n<ul class=\"wp-block-list\">\n<li>Li\u010dni podaci&nbsp;\u2013 uklju\u010duju sve informacije o fizi\u010dkom licu \u010diji je identitet utvr\u0111en ili se mo\u017ee utvrditi. Oni uklju\u010duju ime, prezime, broj telefona, adresu, podatke o lokaciji itd.<\/li>\n\n\n\n<li>Obrada li\u010dnih podataka&nbsp;\u2013 radnja kojom se li\u010dni podaci automatski ili na drugi na\u010din prikupljaju, registruju, bilje\u017ee, organiziraju, pohranjuju, mijenjaju, povla\u010de, koriste, provjeravaju, prenose, objavljuju ili na drugi na\u010din \u010dine dostupnima, sortiraju, kombinuju, blokiraju, bri\u0161u, uni\u0161tavaju, ili podlije\u017eu bilo kojoj drugoj radnji izvr\u0161enoj na li\u010dnim podacima.<\/li>\n<\/ul>\n\n\n\n<h2 class=\"wp-block-heading\">KO JE RUKOVAC ZA PRIKUPLJANJE LI\u010cNIH PODATAKA?<\/h2>\n\n\n\n<p>MNEVillage je rukovalac prikupljanja li\u010dnih podataka. Kao rukovalac, prikuplja, obra\u0111uje i koristi li\u010dne podatke Korisnika.<\/p>\n\n\n\n<h2 class=\"wp-block-heading\">KOJE PODATKE PRIKUPLJAMO I OBRA\u0110UJEMO?<\/h2>\n\n\n\n<p>MNEVillage prikuplja i obra\u0111uje podatke potrebne da bi se aplikacija koristila i potpuno funkcionisala putem mobilne aplikacije. Mobilna aplikacija prikuplja geolokacijske podatke korisnika isklju\u010divo za sigurnu upotrebu aplikacije. Dozvola za lokaciju se preporu\u010duje, ali nije potrebna za kori\u0161tenje aplikacije. Za direktan poziv u MNEVillage, mobilna aplikacija zahtijeva saglasnost Korisnika za pristup aplikaciji za pozivanje. Prihvatanje ove dozvole je obavezno kako bi se identificirale i sprije\u010dile potencijalne prijetnje koje bi mogle dovesti do sigurnosne zloupotrebe korisni\u010dkog telefona i ra\u010duna.<\/p>\n\n\n\n<h2 class=\"wp-block-heading\">KAKO KORISTIMO PODATKE KOJE PRIKUPLJAMO?<\/h2>\n\n\n\n<p>MNEVillage \u0107e koristiti podatke mobilne aplikacije za:<\/p>\n\n\n\n<p>osiguravanje sigurnosti Korisnika od neovla\u0161tenog kori\u0161tenja aplikacije ili potencijalnih poku\u0161aja zloupotrebe; i<\/p>\n\n\n\n<p>pru\u017eanje usluga u skladu sa Ugovorom i Op\u0161tim uslovima poslovanja.<\/p>\n\n\n\n<h2 class=\"wp-block-heading\">KOLIKO DUGO \u010cUVAMO KORISNI\u010cKE PODATKE?<\/h2>\n\n\n\n<p>MNEVillage mora \u010duvati podatke korisnika u odre\u0111enom periodu. Va\u017ee\u0107i propisi odre\u0111uju ta\u010dan period \u010duvanja podataka.<\/p>\n\n\n\n<p>Podaci potrebni za aktivaciju mobilne aplikacije pohranjuju se isklju\u010divo lokalno na mobilnom ure\u0111aju tijekom aktivnosti aplikacije.<\/p>\n\n\n\n<p>Podaci koje Korisnik unese u mobilnu aplikaciju kao dodatne, neobavezne podatke, nalaze se unutar aplikacije dok je aplikacija aktivna ili dok se aplikacija ne deinstalira.<\/p>\n\n\n\n<h2 class=\"wp-block-heading\">SIGURNOST<\/h2>\n\n\n\n<p>Mobilna aplikacija dizajnirana je po visokim sigurnosnim standardima. MNEVillage tako\u0111er implementira nekoliko tehni\u010dkih, kadrovskih i organizacionih mjera za\u0161tite kako bi osigurao adekvatan nivo sigurnosti obrade podataka korisnika i privatnosti.<\/p>\n\n\n\n<h2 class=\"wp-block-heading\">PRAVILNIK ZATVORENJA<\/h2>\n\n\n\n<p>MNEVillage zadr\u017eava pravo izmjene ove Politike.<\/p>\n\n\n\n<p>Sve promjene \u0107e biti objavljene na web stranici MNEVillage-a i linkovane iz Store-a i mobilne aplikacije.<\/p>\n","protected":false},"excerpt":{"rendered":"<p>UVOD U \u017eelji da poka\u017eemo transparentnost i odgovornost prema svim korisnicima mobilnih aplikacija, \u010diji se podaci prikupljaju i obra\u0111uju, ova Politika privatnosti pru\u017ea sve relevantne informacije koje se ti\u010du \u200b\u200bobrade li\u010dnih podataka, kao \u0161to su informacije o svrsi obrade, vrsti prikupljenih podataka, tre\u0107im stranama i prava koja Korisnik mo\u017ee ostvariti u vezi sa obradom li\u010dnih [&hellip;]<\/p>\n","protected":false},"author":1,"featured_media":0,"parent":0,"menu_order":0,"comment_status":"closed","ping_status":"closed","template":"","meta":{"_acf_changed":false,"inline_featured_image":false,"footnotes":""},"class_list":["post-2537","page","type-page","status-publish","hentry"],"acf":[],"_links":{"self":[{"href":"https:\/\/mnevillage.gov.me\/me\/wp-json\/wp\/v2\/pages\/2537","targetHints":{"allow":["GET"]}}],"collection":[{"href":"https:\/\/mnevillage.gov.me\/me\/wp-json\/wp\/v2\/pages"}],"about":[{"href":"https:\/\/mnevillage.gov.me\/me\/wp-json\/wp\/v2\/types\/page"}],"author":[{"embeddable":true,"href":"https:\/\/mnevillage.gov.me\/me\/wp-json\/wp\/v2\/users\/1"}],"replies":[{"embeddable":true,"href":"https:\/\/mnevillage.gov.me\/me\/wp-json\/wp\/v2\/comments?post=2537"}],"version-history":[{"count":0,"href":"https:\/\/mnevillage.gov.me\/me\/wp-json\/wp\/v2\/pages\/2537\/revisions"}],"wp:attachment":[{"href":"https:\/\/mnevillage.gov.me\/me\/wp-json\/wp\/v2\/media?parent=2537"}],"curies":[{"name":"wp","href":"https:\/\/api.w.org\/{rel}","templated":true}]}}