{"id":4907,"date":"2024-08-11T06:40:09","date_gmt":"2024-08-11T06:40:09","guid":{"rendered":"https:\/\/mnevillage.gov.me\/panoramski-putevi-crne-gore\/"},"modified":"2024-08-11T07:12:42","modified_gmt":"2024-08-11T07:12:42","slug":"panoramastrassen-von-montenegro","status":"publish","type":"page","link":"https:\/\/mnevillage.gov.me\/de\/panoramastrassen-von-montenegro\/","title":{"rendered":"Panoramastra\u00dfen von Montenegro"},"content":{"rendered":"\t\t<div data-elementor-type=\"wp-page\" data-elementor-id=\"4907\" class=\"elementor elementor-4907 elementor-4850\" data-elementor-post-type=\"page\">\n\t\t\t\t<div class=\"elementor-element elementor-element-8e86b88 e-flex e-con-boxed e-con e-parent\" data-id=\"8e86b88\" data-element_type=\"container\">\n\t\t\t\t\t<div class=\"e-con-inner\">\n\t\t\t\t<div class=\"elementor-element elementor-element-71b7d31 elementor-widget elementor-widget-heading\" data-id=\"71b7d31\" data-element_type=\"widget\" data-widget_type=\"heading.default\">\n\t\t\t\t<div class=\"elementor-widget-container\">\n\t\t\t\t\t<h1 class=\"elementor-heading-title elementor-size-default\">Panoramastra\u00dfen von Montenegro<\/h1>\t\t\t\t<\/div>\n\t\t\t\t<\/div>\n\t\t<div class=\"elementor-element elementor-element-05ba0a8 e-con-full e-flex e-con e-child\" data-id=\"05ba0a8\" data-element_type=\"container\">\n\t\t<div class=\"elementor-element elementor-element-d09e91d e-con-full e-flex e-con e-child\" data-id=\"d09e91d\" data-element_type=\"container\">\n\t\t\t\t<div class=\"elementor-element elementor-element-04ad158 elementor-widget elementor-widget-text-editor\" data-id=\"04ad158\" data-element_type=\"widget\" data-widget_type=\"text-editor.default\">\n\t\t\t\t<div class=\"elementor-widget-container\">\n\t\t\t\t\t\t\t\t\t<p>M\u00f6chten Sie die wilde Sch\u00f6nheit Montenegros kennenlernen, haben aber keine Zeit, alle Gipfel, Schluchten, Aussichtspunkte, Seen und Wasserf\u00e4lle zu erkunden? Panoramarouten sind die richtige Wahl f\u00fcr Sie!<\/p>\t\t\t\t\t\t\t\t<\/div>\n\t\t\t\t<\/div>\n\t\t\t\t<\/div>\n\t\t<div class=\"elementor-element elementor-element-cf793fb e-con-full e-flex e-con e-child\" data-id=\"cf793fb\" data-element_type=\"container\" data-settings=\"{&quot;background_background&quot;:&quot;classic&quot;}\">\n\t\t\t\t<div class=\"elementor-element elementor-element-5ee9ce1 elementor-widget elementor-widget-heading\" data-id=\"5ee9ce1\" data-element_type=\"widget\" data-widget_type=\"heading.default\">\n\t\t\t\t<div class=\"elementor-widget-container\">\n\t\t\t\t\t<h2 class=\"elementor-heading-title elementor-size-default\">Fakten:<\/h2>\t\t\t\t<\/div>\n\t\t\t\t<\/div>\n\t\t\t\t<div class=\"elementor-element elementor-element-10a67fa elementor-widget elementor-widget-text-editor\" data-id=\"10a67fa\" data-element_type=\"widget\" data-widget_type=\"text-editor.default\">\n\t\t\t\t<div class=\"elementor-widget-container\">\n\t\t\t\t\t\t\t\t\t<p>Streckenl\u00e4ngen<\/p><p><strong>Umrundung von Korita:<\/strong> 65 km<br \/><strong>Durmitor-Ring:<\/strong> 76 km<br \/><strong>Meer und H\u00f6hen:<\/strong> 283 km<br \/><strong>Krone Montenegro:<\/strong> 800 km<\/p>\t\t\t\t\t\t\t\t<\/div>\n\t\t\t\t<\/div>\n\t\t\t\t<\/div>\n\t\t\t\t<\/div>\n\t\t\t\t\t<\/div>\n\t\t\t\t<\/div>\n\t\t<div class=\"elementor-element elementor-element-8773554 e-con-full e-flex e-con e-parent\" data-id=\"8773554\" data-element_type=\"container\">\n\t\t\t\t<div class=\"elementor-element elementor-element-4487c6e elementor-widget elementor-widget-image\" data-id=\"4487c6e\" data-element_type=\"widget\" data-widget_type=\"image.default\">\n\t\t\t\t<div class=\"elementor-widget-container\">\n\t\t\t\t\t\t\t\t\t\t\t\t\t\t\t<img fetchpriority=\"high\" decoding=\"async\" width=\"2500\" height=\"1400\" src=\"https:\/\/mnevillage.gov.me\/wp-content\/uploads\/2024\/08\/panoramic-roads-Durmitor-ring-min.png\" class=\"attachment-full size-full wp-image-4855\" alt=\"\" srcset=\"https:\/\/mnevillage.gov.me\/wp-content\/uploads\/2024\/08\/panoramic-roads-Durmitor-ring-min.png 2500w, https:\/\/mnevillage.gov.me\/wp-content\/uploads\/2024\/08\/panoramic-roads-Durmitor-ring-min-300x168.png 300w, https:\/\/mnevillage.gov.me\/wp-content\/uploads\/2024\/08\/panoramic-roads-Durmitor-ring-min-1024x573.png 1024w, https:\/\/mnevillage.gov.me\/wp-content\/uploads\/2024\/08\/panoramic-roads-Durmitor-ring-min-768x430.png 768w, https:\/\/mnevillage.gov.me\/wp-content\/uploads\/2024\/08\/panoramic-roads-Durmitor-ring-min-1536x860.png 1536w, https:\/\/mnevillage.gov.me\/wp-content\/uploads\/2024\/08\/panoramic-roads-Durmitor-ring-min-2048x1147.png 2048w\" sizes=\"(max-width: 2500px) 100vw, 2500px\" \/>\t\t\t\t\t\t\t\t\t\t\t\t\t\t\t<\/div>\n\t\t\t\t<\/div>\n\t\t\t\t<\/div>\n\t\t<div class=\"elementor-element elementor-element-3a69896 e-flex e-con-boxed e-con e-parent\" data-id=\"3a69896\" data-element_type=\"container\">\n\t\t\t\t\t<div class=\"e-con-inner\">\n\t\t\t\t<div class=\"elementor-element elementor-element-3183f34 elementor-widget elementor-widget-heading\" data-id=\"3183f34\" data-element_type=\"widget\" data-widget_type=\"heading.default\">\n\t\t\t\t<div class=\"elementor-widget-container\">\n\t\t\t\t\t<h2 class=\"elementor-heading-title elementor-size-default\">Ihr Audioguide f\u00fcr unterwegs<\/h2>\t\t\t\t<\/div>\n\t\t\t\t<\/div>\n\t\t\t\t<div class=\"elementor-element elementor-element-6de313c elementor-widget elementor-widget-text-editor\" data-id=\"6de313c\" data-element_type=\"widget\" data-widget_type=\"text-editor.default\">\n\t\t\t\t<div class=\"elementor-widget-container\">\n\t\t\t\t\t\t\t\t\t<p>Die Routen sind auf maximalen Genuss und Komfort ausgelegt! Sie m\u00fcssen den braunen Stra\u00dfenschildern mit den Nummern der Route folgen, die Sie nehmen m\u00f6chten, und schon sind Sie auf dem richtigen Weg. F\u00fcr ein umfassendes Erlebnis installieren Sie die izi.travel-App und mieten Sie Ihren Audioguide, um jeden Punkt Ihrer Reise zu beschreiben.<\/p>\t\t\t\t\t\t\t\t<\/div>\n\t\t\t\t<\/div>\n\t\t\t\t\t<\/div>\n\t\t\t\t<\/div>\n\t\t<div class=\"elementor-element elementor-element-7e56c6b e-flex e-con-boxed e-con e-parent\" data-id=\"7e56c6b\" data-element_type=\"container\">\n\t\t\t\t\t<div class=\"e-con-inner\">\n\t\t<div class=\"elementor-element elementor-element-7e84aff e-con-full e-flex e-con e-child\" data-id=\"7e84aff\" data-element_type=\"container\" data-settings=\"{&quot;background_background&quot;:&quot;classic&quot;}\">\n\t\t\t\t<div class=\"elementor-element elementor-element-80a07b7 elementor-widget elementor-widget-text-editor\" data-id=\"80a07b7\" data-element_type=\"widget\" data-widget_type=\"text-editor.default\">\n\t\t\t\t<div class=\"elementor-widget-container\">\n\t\t\t\t\t\t\t\t\t<p>Laden Sie sich kostenlos detaillierte Routenbeschreibungen mit Anfahrts- und Wegbeschreibungsangaben und Zusatzinformationen sowie GPS-Daten f\u00fcr Panoramastra\u00dfen herunter:<\/p>\t\t\t\t\t\t\t\t<\/div>\n\t\t\t\t<\/div>\n\t\t\t\t<div class=\"elementor-element elementor-element-09b6e41 elementor-widget elementor-widget-text-editor\" data-id=\"09b6e41\" data-element_type=\"widget\" data-widget_type=\"text-editor.default\">\n\t\t\t\t<div class=\"elementor-widget-container\">\n\t\t\t\t\t\t\t\t\t<ul><li><span style=\"color: #ffffff;\"><a class=\"pdf\" style=\"color: #ffffff;\" href=\"https:\/\/www.montenegro.travel\/uploads\/brochures\/Panoramic%20Roads\/2-Web\/Panoramski_putevi-CG-web.pdf\" target=\"_blank\" rel=\"noopener\">Panoramski putevi (mapa)<\/a><\/span><\/li><li><span style=\"color: #ffffff;\"><a class=\"pdf\" style=\"color: #ffffff;\" href=\"https:\/\/www.montenegro.travel\/uploads\/brochures\/Panoramic%20Roads\/MNE\/mapa-durmitorski-prsten.pdf\" target=\"_blank\" rel=\"noopener\">Durmitorski prsten<\/a>\u00a0<strong>I<\/strong>\u00a0<a class=\"gpx\" style=\"color: #ffffff;\" href=\"https:\/\/www.montenegro.travel\/uploads\/brochures\/Panoramic%20Roads\/MNE\/GPS-durmitorski-prsten.gpx\" target=\"_blank\" rel=\"noopener\">GPS\u00a0<\/a><strong>I <\/strong><a style=\"color: #ffffff;\" href=\"https:\/\/izi.travel\/de\/c25c-panoramski-put-durmitorski-prsten\/sr\" target=\"_blank\" rel=\"noopener\">Audio vodi\u010d<\/a><\/span><\/li><li><span style=\"color: #ffffff;\"><a class=\"pdf\" style=\"color: #ffffff;\" href=\"https:\/\/www.montenegro.travel\/uploads\/brochures\/Panoramic%20Roads\/MNE\/mapa-kruna-crne-gore.pdf\" target=\"_blank\" rel=\"noopener\">Kruna Crne Gore<\/a><strong>\u00a0I<\/strong>\u00a0<a class=\"gpx\" style=\"color: #ffffff;\" href=\"https:\/\/www.montenegro.travel\/uploads\/brochures\/Panoramic%20Roads\/MNE\/GPS-kruna-crne-gore.gpx\" target=\"_blank\" rel=\"noopener\">GPS<\/a><\/span><\/li><li><span style=\"color: #ffffff;\"><a class=\"pdf\" style=\"color: #ffffff;\" href=\"https:\/\/www.montenegro.travel\/uploads\/brochures\/Panoramic%20Roads\/MNE\/mapa-more-i-visine.pdf\" target=\"_blank\" rel=\"noopener\">More i visine<\/a>\u00a0<strong>I <\/strong><a class=\"gpx\" style=\"color: #ffffff;\" href=\"https:\/\/www.montenegro.travel\/uploads\/brochures\/Panoramic%20Roads\/MNE\/GPS-more-i-visine.gpx\" target=\"_blank\" rel=\"noopener\">GPS<\/a><\/span><\/li><li><span style=\"color: #ffffff;\"><a class=\"pdf\" style=\"color: #ffffff;\" href=\"https:\/\/www.montenegro.travel\/uploads\/brochures\/Panoramic%20Roads\/MNE\/mapa-krug-oko-korita.pdf\" target=\"_blank\" rel=\"noopener\">Krug oko Korita<\/a>\u00a0<strong>I <\/strong><a class=\"gpx\" style=\"color: #ffffff;\" href=\"https:\/\/www.montenegro.travel\/uploads\/brochures\/Panoramic%20Roads\/MNE\/GPS-Krug-oko-Korita.gpx\" target=\"_blank\" rel=\"noopener\">GPS<\/a>\u00a0<strong>I<\/strong> <a style=\"color: #ffffff;\" href=\"https:\/\/izi.travel\/de\/6c43-panoramski-put-krug-oko-korita-4\/sr\" target=\"_blank\" rel=\"noopener\">Audio vodi\u010d<\/a><\/span><\/li><\/ul>\t\t\t\t\t\t\t\t<\/div>\n\t\t\t\t<\/div>\n\t\t\t\t<\/div>\n\t\t<div class=\"elementor-element elementor-element-acc774e e-con-full e-flex e-con e-child\" data-id=\"acc774e\" data-element_type=\"container\">\n\t\t\t\t<div class=\"elementor-element elementor-element-fef390a elementor-widget elementor-widget-heading\" data-id=\"fef390a\" data-element_type=\"widget\" data-widget_type=\"heading.default\">\n\t\t\t\t<div class=\"elementor-widget-container\">\n\t\t\t\t\t<h2 class=\"elementor-heading-title elementor-size-default\">Alle Details an einem Ort!<\/h2>\t\t\t\t<\/div>\n\t\t\t\t<\/div>\n\t\t\t\t<\/div>\n\t\t\t\t\t<\/div>\n\t\t\t\t<\/div>\n\t\t<div class=\"elementor-element elementor-element-a6ea7dd e-con-full e-flex e-con e-parent\" data-id=\"a6ea7dd\" data-element_type=\"container\">\n\t\t\t\t<div class=\"elementor-element elementor-element-7d8330f elementor-widget elementor-widget-image\" data-id=\"7d8330f\" data-element_type=\"widget\" data-widget_type=\"image.default\">\n\t\t\t\t<div class=\"elementor-widget-container\">\n\t\t\t\t\t\t\t\t\t\t\t\t\t\t\t<img decoding=\"async\" width=\"2500\" height=\"1400\" src=\"https:\/\/mnevillage.gov.me\/wp-content\/uploads\/2024\/08\/8.Panoramic-roads-Korita-min.png\" class=\"attachment-full size-full wp-image-4883\" alt=\"\" srcset=\"https:\/\/mnevillage.gov.me\/wp-content\/uploads\/2024\/08\/8.Panoramic-roads-Korita-min.png 2500w, https:\/\/mnevillage.gov.me\/wp-content\/uploads\/2024\/08\/8.Panoramic-roads-Korita-min-300x168.png 300w, https:\/\/mnevillage.gov.me\/wp-content\/uploads\/2024\/08\/8.Panoramic-roads-Korita-min-1024x573.png 1024w, https:\/\/mnevillage.gov.me\/wp-content\/uploads\/2024\/08\/8.Panoramic-roads-Korita-min-768x430.png 768w, https:\/\/mnevillage.gov.me\/wp-content\/uploads\/2024\/08\/8.Panoramic-roads-Korita-min-1536x860.png 1536w, https:\/\/mnevillage.gov.me\/wp-content\/uploads\/2024\/08\/8.Panoramic-roads-Korita-min-2048x1147.png 2048w\" sizes=\"(max-width: 2500px) 100vw, 2500px\" \/>\t\t\t\t\t\t\t\t\t\t\t\t\t\t\t<\/div>\n\t\t\t\t<\/div>\n\t\t\t\t<\/div>\n\t\t<div class=\"elementor-element elementor-element-1d1eb18 e-flex e-con-boxed e-con e-parent\" data-id=\"1d1eb18\" data-element_type=\"container\">\n\t\t\t\t\t<div class=\"e-con-inner\">\n\t\t\t\t<div class=\"elementor-element elementor-element-794bc2e elementor-widget elementor-widget-heading\" data-id=\"794bc2e\" data-element_type=\"widget\" data-widget_type=\"heading.default\">\n\t\t\t\t<div class=\"elementor-widget-container\">\n\t\t\t\t\t<h2 class=\"elementor-heading-title elementor-size-default\">Umrunden Sie Korita \u2013 Route mit der Markierung \u201e4\u201c<\/h2>\t\t\t\t<\/div>\n\t\t\t\t<\/div>\n\t\t\t\t<div class=\"elementor-element elementor-element-bd31fdb elementor-widget elementor-widget-text-editor\" data-id=\"bd31fdb\" data-element_type=\"widget\" data-widget_type=\"text-editor.default\">\n\t\t\t\t<div class=\"elementor-widget-container\">\n\t\t\t\t\t\t\t\t\t<p>Podgorica \u2013 Medun \u2013 Ubli \u2013 Ku\u010dka Korita \u2013 Zatrijeba\u010d \u2013 Fundina \u2013 Podgorica<\/p><p>Sie m\u00f6chten keine lange und erm\u00fcdende Reise unternehmen? Brechen Sie den Alltag ab und entdecken Sie verborgene Sch\u00e4tze unweit der Hauptstadt Montenegros!<\/p><p>Halten Sie am Fort Medun an und lassen Sie sich eine Geschichtsstunde erteilen. Erfahren Sie im Marko-Miljanov-Museum interessante Details \u00fcber das Leben des ber\u00fchmten Helden und Schriftstellers, der erst im Alter von f\u00fcnfzig Jahren lesen und schreiben konnte!<\/p><p>Ziehen Sie Ihre Wanderschuhe an und genie\u00dfen Sie die fantastische Aussicht auf das beeindruckende Prokletije-Massiv vom Aussichtspunkt \u201eGlo sokolovo\u201c. Wenn Sie von hier aus einen Stein werfen, f\u00e4llt er in das benachbarte Albanien, und wenn Sie ein Wort rufen, wird er mit deutlichem Echo viele Male zu Ihnen zur\u00fcckkehren. Genie\u00dfen Sie abschlie\u00dfend die unvergessliche Aussicht auf die gewundene Cijevna-Schlucht weit unter Ihnen und lassen Sie sich vom Charme der lokalen K\u00fcche verw\u00f6hnen!<\/p>\t\t\t\t\t\t\t\t<\/div>\n\t\t\t\t<\/div>\n\t\t\t\t\t<\/div>\n\t\t\t\t<\/div>\n\t\t<div class=\"elementor-element elementor-element-64c47b0 e-con-full e-flex e-con e-parent\" data-id=\"64c47b0\" data-element_type=\"container\">\n\t\t\t\t<div class=\"elementor-element elementor-element-cfb1794 elementor-widget elementor-widget-image\" data-id=\"cfb1794\" data-element_type=\"widget\" data-widget_type=\"image.default\">\n\t\t\t\t<div class=\"elementor-widget-container\">\n\t\t\t\t\t\t\t\t\t\t\t\t\t\t\t<img decoding=\"async\" width=\"2500\" height=\"1400\" src=\"https:\/\/mnevillage.gov.me\/wp-content\/uploads\/2024\/08\/2.Durmitor-ring-Sedlo-min.png\" class=\"attachment-full size-full wp-image-4887\" alt=\"\" srcset=\"https:\/\/mnevillage.gov.me\/wp-content\/uploads\/2024\/08\/2.Durmitor-ring-Sedlo-min.png 2500w, https:\/\/mnevillage.gov.me\/wp-content\/uploads\/2024\/08\/2.Durmitor-ring-Sedlo-min-300x168.png 300w, https:\/\/mnevillage.gov.me\/wp-content\/uploads\/2024\/08\/2.Durmitor-ring-Sedlo-min-1024x573.png 1024w, https:\/\/mnevillage.gov.me\/wp-content\/uploads\/2024\/08\/2.Durmitor-ring-Sedlo-min-768x430.png 768w, https:\/\/mnevillage.gov.me\/wp-content\/uploads\/2024\/08\/2.Durmitor-ring-Sedlo-min-1536x860.png 1536w, https:\/\/mnevillage.gov.me\/wp-content\/uploads\/2024\/08\/2.Durmitor-ring-Sedlo-min-2048x1147.png 2048w\" sizes=\"(max-width: 2500px) 100vw, 2500px\" \/>\t\t\t\t\t\t\t\t\t\t\t\t\t\t\t<\/div>\n\t\t\t\t<\/div>\n\t\t\t\t<\/div>\n\t\t<div class=\"elementor-element elementor-element-97676c6 e-flex e-con-boxed e-con e-parent\" data-id=\"97676c6\" data-element_type=\"container\">\n\t\t\t\t\t<div class=\"e-con-inner\">\n\t\t\t\t<div class=\"elementor-element elementor-element-cfbc8b3 elementor-widget elementor-widget-heading\" data-id=\"cfbc8b3\" data-element_type=\"widget\" data-widget_type=\"heading.default\">\n\t\t\t\t<div class=\"elementor-widget-container\">\n\t\t\t\t\t<h2 class=\"elementor-heading-title elementor-size-default\">Durmitor-Ring \u2013 Route mit der Markierung \u201e2\u201c<\/h2>\t\t\t\t<\/div>\n\t\t\t\t<\/div>\n\t\t\t\t<div class=\"elementor-element elementor-element-b61695d elementor-widget elementor-widget-text-editor\" data-id=\"b61695d\" data-element_type=\"widget\" data-widget_type=\"text-editor.default\">\n\t\t\t\t<div class=\"elementor-widget-container\">\n\t\t\t\t\t\t\t\t\t<p>\u017dabljak \u2013 Mala Crna Gora \u2013 Nedajno \u2013 Trsa \u2013 Pi\u0161\u010de \u2013 \u200b\u200b\u200b\u200b\u017dabljak<\/p><p>Begeben Sie sich von \u017dabljak aus auf ein unvergessliches Abenteuer! Von den hohen Berggipfeln des Durmitor und dem Blick auf die unwirklichen und tiefen Schluchten von Tara und Su\u0161ica wird Ihnen schwindlig. Hier finden Sie die ungew\u00f6hnlichsten geformten Gipfel, einige in Form eines Sattels, andere in St\u00e4be geschnitten, andere wundersch\u00f6n gef\u00e4rbt.<\/p><p>Werfen Sie unterwegs einen Blick auf das Skigebiet, denn wer wei\u00df, vielleicht verzaubert Sie dieser Berg und l\u00e4dt Sie im Winter wieder ein. Erreichen Sie f\u00fcr einige Monate im Jahr die Wolken in von der Zivilisation abgeschiedenen D\u00f6rfern und sp\u00fcren Sie das Leben der Menschen, die an den Berg, sein Temperament und seinen Charme gew\u00f6hnt sind.Probieren Sie das einfache und k\u00f6stliche Essen der montenegrinischen Hochl\u00e4nder und kombinieren Sie diese Route mit Planung, Reiten oder Radfahren.<\/p>\t\t\t\t\t\t\t\t<\/div>\n\t\t\t\t<\/div>\n\t\t\t\t\t<\/div>\n\t\t\t\t<\/div>\n\t\t<div class=\"elementor-element elementor-element-9b7c451 e-con-full e-flex e-con e-parent\" data-id=\"9b7c451\" data-element_type=\"container\">\n\t\t\t\t<div class=\"elementor-element elementor-element-619b687 elementor-widget elementor-widget-image\" data-id=\"619b687\" data-element_type=\"widget\" data-widget_type=\"image.default\">\n\t\t\t\t<div class=\"elementor-widget-container\">\n\t\t\t\t\t\t\t\t\t\t\t\t\t\t\t<img loading=\"lazy\" decoding=\"async\" width=\"2500\" height=\"1400\" src=\"https:\/\/mnevillage.gov.me\/wp-content\/uploads\/2024\/08\/Panoramic-road-Kotor-Cetinje-min.png\" class=\"attachment-full size-full wp-image-4902\" alt=\"\" srcset=\"https:\/\/mnevillage.gov.me\/wp-content\/uploads\/2024\/08\/Panoramic-road-Kotor-Cetinje-min.png 2500w, https:\/\/mnevillage.gov.me\/wp-content\/uploads\/2024\/08\/Panoramic-road-Kotor-Cetinje-min-300x168.png 300w, https:\/\/mnevillage.gov.me\/wp-content\/uploads\/2024\/08\/Panoramic-road-Kotor-Cetinje-min-1024x573.png 1024w, https:\/\/mnevillage.gov.me\/wp-content\/uploads\/2024\/08\/Panoramic-road-Kotor-Cetinje-min-768x430.png 768w, https:\/\/mnevillage.gov.me\/wp-content\/uploads\/2024\/08\/Panoramic-road-Kotor-Cetinje-min-1536x860.png 1536w, https:\/\/mnevillage.gov.me\/wp-content\/uploads\/2024\/08\/Panoramic-road-Kotor-Cetinje-min-2048x1147.png 2048w\" sizes=\"(max-width: 2500px) 100vw, 2500px\" \/>\t\t\t\t\t\t\t\t\t\t\t\t\t\t\t<\/div>\n\t\t\t\t<\/div>\n\t\t\t\t<\/div>\n\t\t<div class=\"elementor-element elementor-element-cf4d039 e-flex e-con-boxed e-con e-parent\" data-id=\"cf4d039\" data-element_type=\"container\">\n\t\t\t\t\t<div class=\"e-con-inner\">\n\t\t\t\t<div class=\"elementor-element elementor-element-f35e84b elementor-widget elementor-widget-heading\" data-id=\"f35e84b\" data-element_type=\"widget\" data-widget_type=\"heading.default\">\n\t\t\t\t<div class=\"elementor-widget-container\">\n\t\t\t\t\t<h2 class=\"elementor-heading-title elementor-size-default\">Meer und H\u00f6hen \u2013 Route mit der Markierung \u201e3\u201c<\/h2>\t\t\t\t<\/div>\n\t\t\t\t<\/div>\n\t\t\t\t<div class=\"elementor-element elementor-element-2937762 elementor-widget elementor-widget-text-editor\" data-id=\"2937762\" data-element_type=\"widget\" data-widget_type=\"text-editor.default\">\n\t\t\t\t<div class=\"elementor-widget-container\">\n\t\t\t\t\t\t\t\t\t<p>Herceg Novi \u2013 Kamenari \u2013 Risan \u2013 Kotor \u2013 Tivat \u2013 Lov\u0107en \u2013 Cetinje \u2013 Budva \u2013 Sveti Stefan \u2013 Petrovac \u2013 Virpazar \u2013 Ostros \u2013 Ulcinj \u2013 Bar<\/p><p>Sind Sie ein Meer- und Bergliebhaber?Lernen Sie die montenegrinische K\u00fcste und ihr Hinterland auf einer Route kennen, die Sie mit unglaublichen Landschaften begeistern wird. Besuchen Sie die Altst\u00e4dte der Bucht von Kotor, genie\u00dfen Sie die Panoramen der Riviera von Budva, Bar und Ulcinj und prahlen Sie dann vor Ihren Freunden, dass Sie die gesamte K\u00fcste Montenegros kennen!<\/p><p>Und um ab und zu eine Pause vom Meer einzulegen, folgen Sie einfach unserer Route und sie f\u00fchrt Sie in die Bergregionen von Lov\u0107en, zu St\u00e4dten, in denen Geschichte geschrieben wird, wie Cetinje, in die malerischen Gegenden von Rijeka Crnojevi\u0107a und zum gr\u00f6\u00dften See der Welt Balkan. Nehmen Sie sich f\u00fcr diese Route mehr Zeit, denn es liegen so viele M\u00f6glichkeiten vor Ihnen: ein Besuch der Muschelfarm in Boka, eine Weinprobe in den D\u00f6rfern von Crmnica, eine Kreuzfahrt auf dem See und ein Besuch in zahlreichen Museen \u2013 von denen wir eines sind aus dem Schloss von K\u00f6nig Nikola.<\/p>\t\t\t\t\t\t\t\t<\/div>\n\t\t\t\t<\/div>\n\t\t\t\t\t<\/div>\n\t\t\t\t<\/div>\n\t\t<div class=\"elementor-element elementor-element-d2ed8ee e-con-full e-flex e-con e-parent\" data-id=\"d2ed8ee\" data-element_type=\"container\">\n\t\t\t\t<div class=\"elementor-element elementor-element-68bc247 elementor-widget elementor-widget-image\" data-id=\"68bc247\" data-element_type=\"widget\" data-widget_type=\"image.default\">\n\t\t\t\t<div class=\"elementor-widget-container\">\n\t\t\t\t\t\t\t\t\t\t\t\t\t\t\t<img loading=\"lazy\" decoding=\"async\" width=\"2500\" height=\"1400\" src=\"https:\/\/mnevillage.gov.me\/wp-content\/uploads\/2024\/08\/6.Panoramic-road-canyon-moraca-min.png\" class=\"attachment-full size-full wp-image-4877\" alt=\"\" srcset=\"https:\/\/mnevillage.gov.me\/wp-content\/uploads\/2024\/08\/6.Panoramic-road-canyon-moraca-min.png 2500w, https:\/\/mnevillage.gov.me\/wp-content\/uploads\/2024\/08\/6.Panoramic-road-canyon-moraca-min-300x168.png 300w, https:\/\/mnevillage.gov.me\/wp-content\/uploads\/2024\/08\/6.Panoramic-road-canyon-moraca-min-1024x573.png 1024w, https:\/\/mnevillage.gov.me\/wp-content\/uploads\/2024\/08\/6.Panoramic-road-canyon-moraca-min-768x430.png 768w, https:\/\/mnevillage.gov.me\/wp-content\/uploads\/2024\/08\/6.Panoramic-road-canyon-moraca-min-1536x860.png 1536w, https:\/\/mnevillage.gov.me\/wp-content\/uploads\/2024\/08\/6.Panoramic-road-canyon-moraca-min-2048x1147.png 2048w\" sizes=\"(max-width: 2500px) 100vw, 2500px\" \/>\t\t\t\t\t\t\t\t\t\t\t\t\t\t\t<\/div>\n\t\t\t\t<\/div>\n\t\t\t\t<\/div>\n\t\t<div class=\"elementor-element elementor-element-69ef0a8 e-flex e-con-boxed e-con e-parent\" data-id=\"69ef0a8\" data-element_type=\"container\">\n\t\t\t\t\t<div class=\"e-con-inner\">\n\t\t\t\t<div class=\"elementor-element elementor-element-d44ec3f elementor-widget elementor-widget-heading\" data-id=\"d44ec3f\" data-element_type=\"widget\" data-widget_type=\"heading.default\">\n\t\t\t\t<div class=\"elementor-widget-container\">\n\t\t\t\t\t<h2 class=\"elementor-heading-title elementor-size-default\">Krone von Montenegro \u2013 Route mit der Markierung \u201e1\u201c<\/h2>\t\t\t\t<\/div>\n\t\t\t\t<\/div>\n\t\t\t\t<div class=\"elementor-element elementor-element-5c9b4fc elementor-widget elementor-widget-text-editor\" data-id=\"5c9b4fc\" data-element_type=\"widget\" data-widget_type=\"text-editor.default\">\n\t\t\t\t<div class=\"elementor-widget-container\">\n\t\t\t\t\t\t\t\t\t<p>M\u00f6chten Sie weniger bekannte Wege beschreiten? Wie w\u00e4re es mit einem Aufenthalt an einem Ort, an dem die Sonne zweimal am Tag auf- und untergeht? Wissen Sie, wie der Regenwald aussieht und m\u00f6chten Sie die Flusst\u00e4ler, m\u00e4chtigen Schluchten, unglaublichen Bauprojekte kennenlernen und den Atem anhalten vor der Sch\u00f6nheit der nat\u00fcrlichen und k\u00fcnstlichen Seen?<\/p><p>Begeben Sie sich auf weniger befahrene Stra\u00dfen, seien Sie einer der Einheimischen und f\u00fchlen Sie sich wie zu Hause. Wir begleiten Sie, Sie nehmen sich ausreichend Zeit, entspannen und genie\u00dfen. Sie durchqueren drei Nationalparks und zwei Naturparks sowie ein von der UNESCO gesch\u00fctztes Gebiet.<\/p>\t\t\t\t\t\t\t\t<\/div>\n\t\t\t\t<\/div>\n\t\t\t\t\t<\/div>\n\t\t\t\t<\/div>\n\t\t\t\t<\/div>\n\t\t","protected":false},"excerpt":{"rendered":"<p>Panoramastra\u00dfen von Montenegro M\u00f6chten Sie die wilde Sch\u00f6nheit Montenegros kennenlernen, haben aber keine Zeit, alle Gipfel, Schluchten, Aussichtspunkte, Seen und Wasserf\u00e4lle zu erkunden? Panoramarouten sind die richtige Wahl f\u00fcr Sie! Fakten: Streckenl\u00e4ngen Umrundung von Korita: 65 kmDurmitor-Ring: 76 kmMeer und H\u00f6hen: 283 kmKrone Montenegro: 800 km Ihr Audioguide f\u00fcr unterwegs Die Routen sind auf maximalen [&hellip;]<\/p>\n","protected":false},"author":1,"featured_media":0,"parent":0,"menu_order":0,"comment_status":"closed","ping_status":"closed","template":"elementor_header_footer","meta":{"_acf_changed":false,"inline_featured_image":false,"footnotes":""},"class_list":["post-4907","page","type-page","status-publish","hentry"],"acf":[],"_links":{"self":[{"href":"https:\/\/mnevillage.gov.me\/de\/wp-json\/wp\/v2\/pages\/4907","targetHints":{"allow":["GET"]}}],"collection":[{"href":"https:\/\/mnevillage.gov.me\/de\/wp-json\/wp\/v2\/pages"}],"about":[{"href":"https:\/\/mnevillage.gov.me\/de\/wp-json\/wp\/v2\/types\/page"}],"author":[{"embeddable":true,"href":"https:\/\/mnevillage.gov.me\/de\/wp-json\/wp\/v2\/users\/1"}],"replies":[{"embeddable":true,"href":"https:\/\/mnevillage.gov.me\/de\/wp-json\/wp\/v2\/comments?post=4907"}],"version-history":[{"count":0,"href":"https:\/\/mnevillage.gov.me\/de\/wp-json\/wp\/v2\/pages\/4907\/revisions"}],"wp:attachment":[{"href":"https:\/\/mnevillage.gov.me\/de\/wp-json\/wp\/v2\/media?parent=4907"}],"curies":[{"name":"wp","href":"https:\/\/api.w.org\/{rel}","templated":true}]}}