{"id":2667,"date":"2024-05-21T14:42:17","date_gmt":"2024-05-21T14:42:17","guid":{"rendered":"http:\/\/rural-web.local\/terms-conditions\/"},"modified":"2024-08-04T21:42:23","modified_gmt":"2024-08-04T21:42:23","slug":"terms-conditions","status":"publish","type":"page","link":"https:\/\/mnevillage.gov.me\/de\/terms-conditions\/","title":{"rendered":"Terms &amp; Bedingungen"},"content":{"rendered":"\n<h2 class=\"wp-block-heading\">1. NUTZUNGSBEDINGUNGEN<\/h2>\n\n\n\n<p>Diese Nutzungsbedingungen (im Folgenden die \u201eBedingungen\u201c) regeln den Zugriff, das Durchsuchen und die Nutzung der Website, das Herunterladen und die Nutzung der Anwendungen durch ihre Benutzer (im Folgenden der \u201eBenutzer\u201c oder die \u201eBenutzer\u201c, je nach Sachlage); sowie die Bedingungen f\u00fcr die Bereitstellung der \u00fcber die Plattformen bereitgestellten Dienste (im Folgenden die \u201eDienste\u201c).<\/p>\n\n\n\n<p>Der Zugriff auf und die Nutzung der Website sowie das Herunterladen und die Nutzung der Anwendungen setzen voraus, dass der Benutzer diese Bedingungen gelesen hat, sie vollst\u00e4ndig akzeptiert und sich mit ihren Verbindlichkeiten einverstanden erkl\u00e4rt. MNEVillage kann diese Bedingungen jederzeit \u00e4ndern, daher empfehlen wir Ihnen, sie regelm\u00e4\u00dfig durchzusehen. Das Datum am Anfang dieser Bedingungen gibt das Datum der letzten \u00dcberarbeitung dieser Bedingungen an, die ab dem Datum ihrer Ver\u00f6ffentlichung gelten.<\/p>\n\n\n\n<p>F\u00fcr einige der Dienste gelten m\u00f6glicherweise besondere Bedingungen oder Anweisungen von MNEVillage oder den Dritten, die sie bereitstellen, die den Inhalt dieser Bedingungen erg\u00e4nzen oder, falls sie den hierin enthaltenen Bestimmungen widersprechen, ersetzen und die vom Benutzer akzeptiert werden m\u00fcssen, bevor mit der Bereitstellung des entsprechenden Dienstes begonnen wird. Ebenso gelten im Hinblick auf die Erhebung und Verwendung personenbezogener Daten die Datenschutzbestimmungen.<\/p>\n\n\n\n<h2 class=\"wp-block-heading\">2. ZWECK DER DIENSTLEISTUNGEN<\/h2>\n\n\n\n<p>\u00dcber die Dienste kann der Nutzer GPS-Routen und Sonderziele (nachfolgend \u201eTracks und Wegpunkte\u201c) sowie diesbez\u00fcgliche Informationen und Inhalte erstellen, speichern, ver\u00f6ffentlichen, teilen, senden, suchen und herunterladen.<\/p>\n\n\n\n<h2 class=\"wp-block-heading\">3.GEISTIGES EIGENTUM<\/h2>\n\n\n\n<p>Alle geistigen Eigentumsrechte an der Website, den Anwendungen, den Diensten, deren Design und Quellcode sowie alle geistigen Eigentumsrechte an allen darin enthaltenen Inhalten (einschlie\u00dflich, aber nicht beschr\u00e4nkt auf Texte, Bilder, Animationen, Datenbanken, Grafiken, Logos, Marken, Symbole, Schaltfl\u00e4chen, Bilder, Videos, Tonaufnahmen usw.) geh\u00f6ren MNEVillage oder sind an MNEVillage lizenziert.<\/p>\n\n\n\n<p>Insbesondere und ohne Einschr\u00e4nkung des vorstehenden Absatzes besitzt MNEVillage als Eigent\u00fcmer der Datenbank, die alle Inhalte der Website und der Anwendungen umfasst, gem\u00e4\u00df den im Intellectual Property Act festgelegten Bedingungen ein sui generis-Recht. Kraft dieses Rechts verbietet MNEVillage die Extraktion und\/oder Wiederverwendung aller oder eines wesentlichen Teils der Inhalte der Website und der Anwendungen, qualitativ oder quantitativ bewertet. Ebenso verbietet MNEVillage die wiederholte oder systematische Extraktion und\/oder Wiederverwendung nicht wesentlicher Teile des Inhalts der Website und der Anwendungen, wenn diese Extraktion und\/oder Wiederverwendung einer normalen Nutzung dieser Grundlage zuwiderlaufen oder den berechtigten Interessen von MNEVillage ungerechtfertigten Schaden zuf\u00fcgen w\u00fcrde.<\/p>\n\n\n\n<h2 class=\"wp-block-heading\">4. \u00c4NDERUNG ODER K\u00dcNDIGUNG DER DIENSTE<\/h2>\n\n\n\n<p>MNEVillage may, at any time and without incurring any liability, vary the content of the Website, the Applications or the Services, interrupt the provision of all or some of the Services and functionalities or deactivate or delete all or some of the accounts, without any limitation other than those established by the applicable laws regarding the obligation to keep records of certain transactions during the corresponding legal periods.<\/p>\n\n\n\n<h2 class=\"wp-block-heading\">5. Bedingungen f\u00fcr MNEVillage Live Tracking<\/h2>\n\n\n\n<p>Der Benutzer versteht, dass er \u00fcber die Live-Tracking-Funktion eine andere Partei einladen kann, seinen aktuellen Weg und seinen letzten bekannten Standort auf einer Karte anzuzeigen. Bei Annahme der Einladung wird der Benutzer benachrichtigt, dass der Eingeladene \u201eIhnen folgt\u201c. Der Benutzer versteht und akzeptiert, dass MNEVillage in keiner Weise garantiert, dass der Eingeladene dem Standort des Benutzers weiterhin folgt, und dass der Benutzer nicht benachrichtigt wird, wenn der Eingeladene aufh\u00f6rt, Ihnen zu folgen. Ebenso akzeptiert der Benutzer, dass der Standort des Benutzers in Bezug auf Position und Zeit ungef\u00e4hr ist, und obwohl MNEVillage versucht, den Standort regelm\u00e4\u00dfig zu aktualisieren, kann MNEVillage weder f\u00fcr die Genauigkeit des Standorts des Benutzers noch f\u00fcr die Verf\u00fcgbarkeit von Telekommunikationsdiensten Dritter verantwortlich gemacht werden, auf die diese Funktion zur Daten\u00fcbertragung angewiesen ist. Die Anwendung und Dienste, einschlie\u00dflich, aber nicht beschr\u00e4nkt auf MNEVillage Live Tracking, sind keine Sicherheitsma\u00dfnahme und sollten nicht f\u00fcr Situationen verwendet werden, in denen es um Leben oder Tod geht. Dar\u00fcber hinaus akzeptiert und versteht der Benutzer die Risiken, die mit der Weitergabe seines Standorts an andere Parteien verbunden sind.<\/p>\n","protected":false},"excerpt":{"rendered":"<p>1. NUTZUNGSBEDINGUNGEN Diese Nutzungsbedingungen (im Folgenden die \u201eBedingungen\u201c) regeln den Zugriff, das Durchsuchen und die Nutzung der Website, das Herunterladen und die Nutzung der Anwendungen durch ihre Benutzer (im Folgenden der \u201eBenutzer\u201c oder die \u201eBenutzer\u201c, je nach Sachlage); sowie die Bedingungen f\u00fcr die Bereitstellung der \u00fcber die Plattformen bereitgestellten Dienste (im Folgenden die \u201eDienste\u201c). Der [&hellip;]<\/p>\n","protected":false},"author":1,"featured_media":0,"parent":0,"menu_order":0,"comment_status":"closed","ping_status":"closed","template":"","meta":{"_acf_changed":false,"inline_featured_image":false,"footnotes":""},"class_list":["post-2667","page","type-page","status-publish","hentry"],"acf":[],"_links":{"self":[{"href":"https:\/\/mnevillage.gov.me\/de\/wp-json\/wp\/v2\/pages\/2667","targetHints":{"allow":["GET"]}}],"collection":[{"href":"https:\/\/mnevillage.gov.me\/de\/wp-json\/wp\/v2\/pages"}],"about":[{"href":"https:\/\/mnevillage.gov.me\/de\/wp-json\/wp\/v2\/types\/page"}],"author":[{"embeddable":true,"href":"https:\/\/mnevillage.gov.me\/de\/wp-json\/wp\/v2\/users\/1"}],"replies":[{"embeddable":true,"href":"https:\/\/mnevillage.gov.me\/de\/wp-json\/wp\/v2\/comments?post=2667"}],"version-history":[{"count":0,"href":"https:\/\/mnevillage.gov.me\/de\/wp-json\/wp\/v2\/pages\/2667\/revisions"}],"wp:attachment":[{"href":"https:\/\/mnevillage.gov.me\/de\/wp-json\/wp\/v2\/media?parent=2667"}],"curies":[{"name":"wp","href":"https:\/\/api.w.org\/{rel}","templated":true}]}}