{"id":2538,"date":"2024-05-21T14:41:52","date_gmt":"2024-05-21T14:41:52","guid":{"rendered":"http:\/\/rural-web.local\/privacy-policy\/"},"modified":"2024-08-04T21:07:13","modified_gmt":"2024-08-04T21:07:13","slug":"privacy-policy","status":"publish","type":"page","link":"https:\/\/mnevillage.gov.me\/de\/privacy-policy\/","title":{"rendered":"Datenschutzrichtlinie"},"content":{"rendered":"\n<h2 class=\"wp-block-heading\">EINF\u00dcHRUNG<\/h2>\n\n\n\n<p>Um allen Benutzern mobiler Anwendungen, deren Daten erfasst und verarbeitet werden, Transparenz und Verantwortlichkeit zu zeigen, enth\u00e4lt diese Datenschutzrichtlinie alle relevanten Informationen zur Verarbeitung personenbezogener Daten, z. B. Informationen zum Verarbeitungszweck, zur Art der erfassten Daten, zu Dritten und zu den Rechten, die der Benutzer in Bezug auf die Verarbeitung personenbezogener Daten aus\u00fcben kann.<\/p>\n\n\n\n<p>Als Verantwortlicher f\u00fcr die Erfassung personenbezogener Daten ist sich das Ministerium f\u00fcr wirtschaftliche Entwicklung und Tourismus von Montenegro (im Folgenden: MNEVillage) der Bedeutung personenbezogener Daten f\u00fcr jeden Einzelnen bewusst. Daher ist es f\u00fcr uns unerl\u00e4sslich, gem\u00e4\u00df den geltenden Gesetzen zum Schutz personenbezogener Daten zu handeln. Daher arbeitet MNEVillage kontinuierlich daran, die Sicherheit Ihrer personenbezogenen Daten und Ihrer Privatsph\u00e4re zu gew\u00e4hrleisten und zu verbessern.<\/p>\n\n\n\n<p>Um diese Richtlinie besser zu verstehen, ist es notwendig, bestimmte Begriffe mit den folgenden Bedeutungen zu verstehen:<\/p>\n\n\n\n<ul class=\"wp-block-list\">\n<li>Personenbezogene Daten\u00a0\u2013 umfassen alle Informationen einer nat\u00fcrlichen Person, deren Identit\u00e4t festgestellt wurde oder festgestellt werden kann. Dazu geh\u00f6ren Name, Nachname, Telefonnummer, Adresse, Standortdaten usw.<\/li>\n\n\n\n<li>Verarbeitung personenbezogener Daten\u00a0\u2013 der Vorgang, bei dem personenbezogene Daten automatisch oder auf andere Weise erhoben, registriert, aufgezeichnet, organisiert, gespeichert, ge\u00e4ndert, zur\u00fcckgezogen, verwendet, gepr\u00fcft, \u00fcbermittelt, ver\u00f6ffentlicht oder auf andere Weise verf\u00fcgbar gemacht, sortiert, kombiniert, blockiert, gel\u00f6scht, vernichtet oder einer anderen Aktion im Zusammenhang mit personenbezogenen Daten unterzogen werden.<\/li>\n<\/ul>\n\n\n\n<h2 class=\"wp-block-heading\">WER IST F\u00dcR DIE ERHEBUNG PERSONENBEZOGENER DATEN VERANTWORTLICH?<\/h2>\n\n\n\n<p>MNEVillage ist der Beauftragte f\u00fcr die Erhebung personenbezogener Daten. Als Beauftragter erhebt, verarbeitet und nutzt es die personenbezogenen Daten des Benutzers.<\/p>\n\n\n\n<h2 class=\"wp-block-heading\">WELCHE DATEN ERHEBEN UND VERARBEITEN WIR?<\/h2>\n\n\n\n<p>MNEVillage erfasst und verarbeitet die Daten, die f\u00fcr die Nutzung und volle Funktionsf\u00e4higkeit der Anwendung \u00fcber die mobile Anwendung erforderlich sind. Die mobile Anwendung erfasst die Geolokalisierungsdaten des Benutzers ausschlie\u00dflich zur sicheren Nutzung der Anwendung. Eine Standortgenehmigung wird empfohlen, ist jedoch f\u00fcr die Nutzung der Anwendung nicht erforderlich. F\u00fcr einen direkten Anruf bei MNEVillage erfordert die mobile Anwendung die Zustimmung des Benutzers zum Zugriff auf die anrufende Anwendung. Die Annahme dieser Genehmigung ist obligatorisch, um potenzielle Bedrohungen zu erkennen und zu verhindern, die zu einem Sicherheitsmissbrauch des Telefons und des Kontos des Benutzers f\u00fchren k\u00f6nnten.<\/p>\n\n\n\n<h2 class=\"wp-block-heading\">WIE VERWENDEN WIR DIE VON UNS ERHOBENEN DATEN?<\/h2>\n\n\n\n<p>MNEVillage wird die Daten der mobilen Anwendung f\u00fcr Folgendes verwenden:<\/p>\n\n\n\n<p>Gew\u00e4hrleistung der Sicherheit des Benutzers vor unbefugter Nutzung der Anwendung oder potenziellen Missbrauchsversuchen;<\/p>\n\n\n\n<p>Bereitstellung von Diensten gem\u00e4\u00df der Vereinbarung und den Allgemeinen Gesch\u00e4ftsbedingungen.<\/p>\n\n\n\n<h2 class=\"wp-block-heading\">WIE LANGE BEWAHREN WIR BENUTZERDATEN AUF?<\/h2>\n\n\n\n<p>MNEVillage muss die Daten des Benutzers f\u00fcr einen bestimmten Zeitraum aufbewahren. Die genaue Aufbewahrungsdauer der Daten ist den geltenden Vorschriften zu entnehmen.<\/p>\n\n\n\n<p>Die zur Aktivierung der mobilen Anwendung erforderlichen Daten werden w\u00e4hrend der Aktivit\u00e4t der Anwendung ausschlie\u00dflich lokal auf dem Mobilger\u00e4t gespeichert.<\/p>\n\n\n\n<p>Die vom Benutzer als zus\u00e4tzliche, optionale Daten in die mobile Anwendung eingegebenen Daten befinden sich innerhalb der Anwendung, w\u00e4hrend die Anwendung aktiv ist oder bis die Anwendung deinstalliert wird.<\/p>\n\n\n\n<h2 class=\"wp-block-heading\">SICHERHEIT<\/h2>\n\n\n\n<p>Die mobile Anwendung ist nach hohen Sicherheitsstandards konzipiert. MNEVillage implementiert au\u00dferdem einige technische, personelle und organisatorische Schutzma\u00dfnahmen, um ein angemessenes Sicherheitsniveau bei der Verarbeitung von Benutzerdaten und beim Datenschutz zu gew\u00e4hrleisten.<\/p>\n\n\n\n<h2 class=\"wp-block-heading\">SCHLUSSBESTIMMUNGEN<\/h2>\n\n\n\n<p>MNEVillage beh\u00e4lt sich das Recht vor, diese Richtlinie zu \u00e4ndern.<\/p>\n\n\n\n<p>Alle \u00c4nderungen werden auf der Website von MNEVillage ver\u00f6ffentlicht und \u00fcber Links vom Store und der mobilen Anwendung bereitgestellt.<\/p>\n","protected":false},"excerpt":{"rendered":"<p>EINF\u00dcHRUNG Um allen Benutzern mobiler Anwendungen, deren Daten erfasst und verarbeitet werden, Transparenz und Verantwortlichkeit zu zeigen, enth\u00e4lt diese Datenschutzrichtlinie alle relevanten Informationen zur Verarbeitung personenbezogener Daten, z. B. Informationen zum Verarbeitungszweck, zur Art der erfassten Daten, zu Dritten und zu den Rechten, die der Benutzer in Bezug auf die Verarbeitung personenbezogener Daten aus\u00fcben kann. [&hellip;]<\/p>\n","protected":false},"author":1,"featured_media":0,"parent":0,"menu_order":0,"comment_status":"closed","ping_status":"closed","template":"","meta":{"_acf_changed":false,"inline_featured_image":false,"footnotes":""},"class_list":["post-2538","page","type-page","status-publish","hentry"],"acf":[],"_links":{"self":[{"href":"https:\/\/mnevillage.gov.me\/de\/wp-json\/wp\/v2\/pages\/2538","targetHints":{"allow":["GET"]}}],"collection":[{"href":"https:\/\/mnevillage.gov.me\/de\/wp-json\/wp\/v2\/pages"}],"about":[{"href":"https:\/\/mnevillage.gov.me\/de\/wp-json\/wp\/v2\/types\/page"}],"author":[{"embeddable":true,"href":"https:\/\/mnevillage.gov.me\/de\/wp-json\/wp\/v2\/users\/1"}],"replies":[{"embeddable":true,"href":"https:\/\/mnevillage.gov.me\/de\/wp-json\/wp\/v2\/comments?post=2538"}],"version-history":[{"count":0,"href":"https:\/\/mnevillage.gov.me\/de\/wp-json\/wp\/v2\/pages\/2538\/revisions"}],"wp:attachment":[{"href":"https:\/\/mnevillage.gov.me\/de\/wp-json\/wp\/v2\/media?parent=2538"}],"curies":[{"name":"wp","href":"https:\/\/api.w.org\/{rel}","templated":true}]}}